{"id":1411,"date":"2025-07-26T04:57:23","date_gmt":"2025-07-26T04:57:23","guid":{"rendered":"https:\/\/drpay.com\/branchen\/"},"modified":"2025-10-02T17:30:52","modified_gmt":"2025-10-02T17:30:52","slug":"branchen","status":"publish","type":"page","link":"https:\/\/drpay.com\/de\/branchen\/","title":{"rendered":"Branchen"},"content":{"rendered":"\t\t<div data-elementor-type=\"wp-page\" data-elementor-id=\"1411\" class=\"elementor elementor-1411 elementor-15\" data-elementor-post-type=\"page\">\n\t\t\t\t\t\t<section class=\"elementor-section elementor-top-section elementor-element elementor-element-cf0452b elementor-section-height-min-height elementor-section-items-bottom elementor-section-content-bottom elementor-section-boxed elementor-section-height-default\" data-id=\"cf0452b\" data-element_type=\"section\" data-settings=\"{&quot;background_background&quot;:&quot;classic&quot;}\">\n\t\t\t\t\t\t\t<div class=\"elementor-background-overlay\"><\/div>\n\t\t\t\t\t\t\t<div class=\"elementor-container elementor-column-gap-default\">\n\t\t\t\t\t<div class=\"elementor-column elementor-col-100 elementor-top-column elementor-element elementor-element-5c70f0b text-center\" data-id=\"5c70f0b\" data-element_type=\"column\">\n\t\t\t<div class=\"elementor-widget-wrap elementor-element-populated\">\n\t\t\t\t\t\t\t<\/div>\n\t\t<\/div>\n\t\t\t\t\t<\/div>\n\t\t<\/section>\n\t\t\t\t<section class=\"elementor-section elementor-top-section elementor-element elementor-element-8b39f70 elementor-section-boxed elementor-section-height-default elementor-section-height-default\" data-id=\"8b39f70\" data-element_type=\"section\">\n\t\t\t\t\t\t<div class=\"elementor-container elementor-column-gap-default\">\n\t\t\t\t\t<div class=\"elementor-column elementor-col-50 elementor-top-column elementor-element elementor-element-2a21559\" data-id=\"2a21559\" data-element_type=\"column\">\n\t\t\t<div class=\"elementor-widget-wrap elementor-element-populated\">\n\t\t\t\t\t\t<div class=\"elementor-element elementor-element-4c7cf9d elementor-icon-list--layout-inline breadcrumb elementor-tablet-align-center elementor-list-item-link-full_width elementor-widget elementor-widget-icon-list\" data-id=\"4c7cf9d\" data-element_type=\"widget\" data-widget_type=\"icon-list.default\">\n\t\t\t\t<div class=\"elementor-widget-container\">\n\t\t\t\t\t\t\t<ul class=\"elementor-icon-list-items elementor-inline-items\">\n\t\t\t\t\t\t\t<li class=\"elementor-icon-list-item elementor-inline-item\">\n\t\t\t\t\t\t\t\t\t\t\t<a href=\"https:\/\/drpay.com\/?lang=de\">\n\n\t\t\t\t\t\t\t\t\t\t\t<span class=\"elementor-icon-list-text\">Startseite<\/span>\n\t\t\t\t\t\t\t\t\t\t\t<\/a>\n\t\t\t\t\t\t\t\t\t<\/li>\n\t\t\t\t\t\t\t\t<li class=\"elementor-icon-list-item elementor-inline-item\">\n\t\t\t\t\t\t\t\t\t\t\t<a href=\"https:\/\/drpay.com\/branchen\/?lang=de\">\n\n\t\t\t\t\t\t\t\t\t\t\t<span class=\"elementor-icon-list-text\">Branchen<\/span>\n\t\t\t\t\t\t\t\t\t\t\t<\/a>\n\t\t\t\t\t\t\t\t\t<\/li>\n\t\t\t\t\t\t<\/ul>\n\t\t\t\t\t\t<\/div>\n\t\t\t\t<\/div>\n\t\t\t\t<div class=\"elementor-element elementor-element-c75ed34 green-grad elementor-widget elementor-widget-heading\" data-id=\"c75ed34\" data-element_type=\"widget\" data-widget_type=\"heading.default\">\n\t\t\t\t<div class=\"elementor-widget-container\">\n\t\t\t\t\t<h3 class=\"elementor-heading-title elementor-size-default\">Die Hauptbranchen, <span>die wir bedienen<\/span>, sind die folgenden:<\/h3>\t\t\t\t<\/div>\n\t\t\t\t<\/div>\n\t\t\t\t<div class=\"elementor-element elementor-element-e0c3291 elementor-align-left elementor-icon-list--layout-traditional elementor-list-item-link-full_width elementor-widget elementor-widget-icon-list\" data-id=\"e0c3291\" data-element_type=\"widget\" data-widget_type=\"icon-list.default\">\n\t\t\t\t<div class=\"elementor-widget-container\">\n\t\t\t\t\t\t\t<ul class=\"elementor-icon-list-items\">\n\t\t\t\t\t\t\t<li class=\"elementor-icon-list-item\">\n\t\t\t\t\t\t\t\t\t\t\t<span class=\"elementor-icon-list-icon\">\n\t\t\t\t\t\t\t<i aria-hidden=\"true\" class=\"fas fa-prescription-bottle-alt\"><\/i>\t\t\t\t\t\t<\/span>\n\t\t\t\t\t\t\t\t\t\t<span class=\"elementor-icon-list-text\">In Gro\u00dfbritannien und der EU zugelassene Apotheken<\/span>\n\t\t\t\t\t\t\t\t\t<\/li>\n\t\t\t\t\t\t\t\t<li class=\"elementor-icon-list-item\">\n\t\t\t\t\t\t\t\t\t\t\t<span class=\"elementor-icon-list-icon\">\n\t\t\t\t\t\t\t<i aria-hidden=\"true\" class=\"fas fa-prescription-bottle\"><\/i>\t\t\t\t\t\t<\/span>\n\t\t\t\t\t\t\t\t\t\t<span class=\"elementor-icon-list-text\">Spezialisierte Apotheken f\u00fcr medizinisches Cannabis und Online-Apotheken<\/span>\n\t\t\t\t\t\t\t\t\t<\/li>\n\t\t\t\t\t\t\t\t<li class=\"elementor-icon-list-item\">\n\t\t\t\t\t\t\t\t\t\t\t<span class=\"elementor-icon-list-icon\">\n\t\t\t\t\t\t\t<i aria-hidden=\"true\" class=\"fas fa-cannabis\"><\/i>\t\t\t\t\t\t<\/span>\n\t\t\t\t\t\t\t\t\t\t<span class=\"elementor-icon-list-text\">Lizenzierte Gro\u00dfh\u00e4ndler f\u00fcr medizinisches Cannabis<\/span>\n\t\t\t\t\t\t\t\t\t<\/li>\n\t\t\t\t\t\t\t\t<li class=\"elementor-icon-list-item\">\n\t\t\t\t\t\t\t\t\t\t\t<span class=\"elementor-icon-list-icon\">\n\t\t\t\t\t\t\t<i aria-hidden=\"true\" class=\"fas fa-balance-scale\"><\/i>\t\t\t\t\t\t<\/span>\n\t\t\t\t\t\t\t\t\t\t<span class=\"elementor-icon-list-text\">Legale soziale Cannabis-Clubs und Coffee-Shops<\/span>\n\t\t\t\t\t\t\t\t\t<\/li>\n\t\t\t\t\t\t\t\t<li class=\"elementor-icon-list-item\">\n\t\t\t\t\t\t\t\t\t\t\t<span class=\"elementor-icon-list-icon\">\n\t\t\t\t\t\t\t<i aria-hidden=\"true\" class=\"fas fa-building\"><\/i>\t\t\t\t\t\t<\/span>\n\t\t\t\t\t\t\t\t\t\t<span class=\"elementor-icon-list-text\">Vape- \/ Headshops<\/span>\n\t\t\t\t\t\t\t\t\t<\/li>\n\t\t\t\t\t\t<\/ul>\n\t\t\t\t\t\t<\/div>\n\t\t\t\t<\/div>\n\t\t\t\t<div class=\"elementor-element elementor-element-ff1125f elementor-widget elementor-widget-text-editor\" data-id=\"ff1125f\" data-element_type=\"widget\" data-widget_type=\"text-editor.default\">\n\t\t\t\t<div class=\"elementor-widget-container\">\n\t\t\t\t\t\t\t\t\t<p>Auch wenn dies unsere Kernbranchen sind, <a href=\"https:\/\/drpay.com\/kontaktieren-sie-uns\/?lang=de\">kontaktieren Sie uns<\/a> bitte, um zu besprechen, wie wir Ihnen helfen k\u00f6nnen, oder <a href=\"https:\/\/drpay.com\/hier-bewerben\/?lang=de\">bewerben Sie sich einfach hier<\/a>, wenn Sie eine bessere Zahlungsl\u00f6sung ben\u00f6tigen, Ihr Unternehmen aber nicht zu diesen Branchen geh\u00f6rt.<\/p>\t\t\t\t\t\t\t\t<\/div>\n\t\t\t\t<\/div>\n\t\t\t\t\t<\/div>\n\t\t<\/div>\n\t\t\t\t<div class=\"elementor-column elementor-col-50 elementor-top-column elementor-element elementor-element-122a7e1 margin-auto\" data-id=\"122a7e1\" data-element_type=\"column\">\n\t\t\t<div class=\"elementor-widget-wrap elementor-element-populated\">\n\t\t\t\t\t\t<div class=\"elementor-element elementor-element-0b7ccf8 elementor-widget elementor-widget-image\" data-id=\"0b7ccf8\" data-element_type=\"widget\" data-widget_type=\"image.default\">\n\t\t\t\t<div class=\"elementor-widget-container\">\n\t\t\t\t\t\t\t\t\t\t\t\t\t\t\t<img decoding=\"async\" src=\"https:\/\/drpay.com\/wp-content\/uploads\/elementor\/thumbs\/side-img-bg-4-ra7fva5gea84pbhtszrsbgg095z0ilo5bv1fk5fens.jpg\" title=\"side-img-bg-4\" alt=\"side-img-bg-4\" loading=\"lazy\" \/>\t\t\t\t\t\t\t\t\t\t\t\t\t\t\t<\/div>\n\t\t\t\t<\/div>\n\t\t\t\t\t<\/div>\n\t\t<\/div>\n\t\t\t\t\t<\/div>\n\t\t<\/section>\n\t\t\t\t<section class=\"elementor-section elementor-top-section elementor-element elementor-element-1236c41 elementor-section-full_width elementor-section-height-default elementor-section-height-default\" data-id=\"1236c41\" data-element_type=\"section\">\n\t\t\t\t\t\t<div class=\"elementor-container elementor-column-gap-default\">\n\t\t\t\t\t<div class=\"elementor-column elementor-col-100 elementor-top-column elementor-element elementor-element-2ed6535\" data-id=\"2ed6535\" data-element_type=\"column\">\n\t\t\t<div class=\"elementor-widget-wrap elementor-element-populated\">\n\t\t\t\t\t\t<div class=\"elementor-element elementor-element-901a4b0 elementor-widget elementor-widget-text-editor\" data-id=\"901a4b0\" data-element_type=\"widget\" data-widget_type=\"text-editor.default\">\n\t\t\t\t<div class=\"elementor-widget-container\">\n\t\t\t\t\t\t\t\t\t<div class=\"side-oblong-keyline-left-mask\"> <\/div>\t\t\t\t\t\t\t\t<\/div>\n\t\t\t\t<\/div>\n\t\t\t\t\t<\/div>\n\t\t<\/div>\n\t\t\t\t\t<\/div>\n\t\t<\/section>\n\t\t\t\t<section class=\"elementor-section elementor-top-section elementor-element elementor-element-d89f188 elementor-section-full_width elementor-section-height-default elementor-section-height-default\" data-id=\"d89f188\" data-element_type=\"section\">\n\t\t\t\t\t\t<div class=\"elementor-container elementor-column-gap-default\">\n\t\t\t\t\t<div class=\"elementor-column elementor-col-100 elementor-top-column elementor-element elementor-element-f93166e\" data-id=\"f93166e\" data-element_type=\"column\">\n\t\t\t<div class=\"elementor-widget-wrap elementor-element-populated\">\n\t\t\t\t\t\t<section class=\"elementor-section elementor-inner-section elementor-element elementor-element-84ab7b4 swap-div elementor-section-boxed elementor-section-height-default elementor-section-height-default\" data-id=\"84ab7b4\" data-element_type=\"section\" data-settings=\"{&quot;background_background&quot;:&quot;classic&quot;}\">\n\t\t\t\t\t\t\t<div class=\"elementor-background-overlay\"><\/div>\n\t\t\t\t\t\t\t<div class=\"elementor-container elementor-column-gap-default\">\n\t\t\t\t\t<div class=\"elementor-column elementor-col-50 elementor-inner-column elementor-element elementor-element-b037819 first-div\" data-id=\"b037819\" data-element_type=\"column\">\n\t\t\t<div class=\"elementor-widget-wrap elementor-element-populated\">\n\t\t\t\t\t\t<div class=\"elementor-element elementor-element-9e34cb5 elementor-widget elementor-widget-image\" data-id=\"9e34cb5\" data-element_type=\"widget\" data-widget_type=\"image.default\">\n\t\t\t\t<div class=\"elementor-widget-container\">\n\t\t\t\t\t\t\t\t\t\t\t\t\t\t\t<img decoding=\"async\" src=\"https:\/\/drpay.com\/wp-content\/uploads\/elementor\/thumbs\/side-img-bg-3-ra7fva5gea84pbhtszrsbgg095z0ilo5bv1fk5fens.jpg\" title=\"side-img-bg-3\" alt=\"side-img-bg-3\" loading=\"lazy\" \/>\t\t\t\t\t\t\t\t\t\t\t\t\t\t\t<\/div>\n\t\t\t\t<\/div>\n\t\t\t\t<div class=\"elementor-element elementor-element-f72ef7b square-bg dr-pay-square elementor-widget elementor-widget-image\" data-id=\"f72ef7b\" data-element_type=\"widget\" data-widget_type=\"image.default\">\n\t\t\t\t<div class=\"elementor-widget-container\">\n\t\t\t\t\t\t\t\t\t\t\t\t\t\t\t<img fetchpriority=\"high\" decoding=\"async\" width=\"756\" height=\"504\" src=\"https:\/\/drpay.com\/wp-content\/uploads\/2025\/07\/square-transparent-bg.png\" class=\"attachment-full size-full wp-image-1379\" alt=\"\" srcset=\"https:\/\/drpay.com\/wp-content\/uploads\/2025\/07\/square-transparent-bg.png 756w, https:\/\/drpay.com\/wp-content\/uploads\/2025\/07\/square-transparent-bg-300x200.png 300w\" sizes=\"(max-width: 756px) 100vw, 756px\" \/>\t\t\t\t\t\t\t\t\t\t\t\t\t\t\t<\/div>\n\t\t\t\t<\/div>\n\t\t\t\t\t<\/div>\n\t\t<\/div>\n\t\t\t\t<div class=\"elementor-column elementor-col-50 elementor-inner-column elementor-element elementor-element-1f48c2e second-div\" data-id=\"1f48c2e\" data-element_type=\"column\">\n\t\t\t<div class=\"elementor-widget-wrap elementor-element-populated\">\n\t\t\t\t\t\t<div class=\"elementor-element elementor-element-42abe35 green-grad elementor-widget elementor-widget-heading\" data-id=\"42abe35\" data-element_type=\"widget\" data-widget_type=\"heading.default\">\n\t\t\t\t<div class=\"elementor-widget-container\">\n\t\t\t\t\t<h3 class=\"elementor-heading-title elementor-size-default\">Fachleute, die <span>Ihr Gesch\u00e4ft verstehen<\/span><\/h3>\t\t\t\t<\/div>\n\t\t\t\t<\/div>\n\t\t\t\t<div class=\"elementor-element elementor-element-64f1074 elementor-widget elementor-widget-text-editor\" data-id=\"64f1074\" data-element_type=\"widget\" data-widget_type=\"text-editor.default\">\n\t\t\t\t<div class=\"elementor-widget-container\">\n\t\t\t\t\t\t\t\t\t<p>Kern unseres Ansatzes ist die Zusammenarbeit mit Branchenf\u00fchrern, Fachleuten und Experten, die ein tiefes Verst\u00e4ndnis f\u00fcr den Ruf der Unternehmen in allen Branchen haben, die Zahlungsdienste ben\u00f6tigen.<\/p><p>W\u00e4hrend alle \u00fcblichen KYC-, AML-, Risiko- und kommerziellen Pr\u00fcfungen stattfinden, konzentriert sich der Ansatz unserer Partner bei der Aufnahme neuer Kunden und der Risikobewertung in einzigartiger Weise auf den Ruf und die Erfolgsbilanz des Unternehmens. Auf diese Weise stellen wir sicher, dass den Kunden nicht zu viel berechnet wird. <\/p>\t\t\t\t\t\t\t\t<\/div>\n\t\t\t\t<\/div>\n\t\t\t\t<div class=\"elementor-element elementor-element-0e57287 elementor-tablet-align-center elementor-widget elementor-widget-button\" data-id=\"0e57287\" data-element_type=\"widget\" data-widget_type=\"button.default\">\n\t\t\t\t<div class=\"elementor-widget-container\">\n\t\t\t\t\t\t\t\t\t<div class=\"elementor-button-wrapper\">\n\t\t\t\t\t<a class=\"elementor-button elementor-button-link elementor-size-sm\" href=\"https:\/\/drpay.com\/hier-bewerben\/?lang=de\">\n\t\t\t\t\t\t<span class=\"elementor-button-content-wrapper\">\n\t\t\t\t\t\t\t\t\t<span class=\"elementor-button-text\">Jetzt bewerben<\/span>\n\t\t\t\t\t<\/span>\n\t\t\t\t\t<\/a>\n\t\t\t\t<\/div>\n\t\t\t\t\t\t\t\t<\/div>\n\t\t\t\t<\/div>\n\t\t\t\t\t<\/div>\n\t\t<\/div>\n\t\t\t\t\t<\/div>\n\t\t<\/section>\n\t\t\t\t\t<\/div>\n\t\t<\/div>\n\t\t\t\t\t<\/div>\n\t\t<\/section>\n\t\t\t\t<\/div>\n\t\t","protected":false},"excerpt":{"rendered":"<p>Startseite Branchen Die Hauptbranchen, die wir bedienen, sind die folgenden: In Gro\u00dfbritannien und der EU zugelassene Apotheken Spezialisierte Apotheken f\u00fcr medizinisches Cannabis und Online-Apotheken Lizenzierte Gro\u00dfh\u00e4ndler f\u00fcr medizinisches Cannabis Legale soziale Cannabis-Clubs und Coffee-Shops Vape- \/ Headshops Auch wenn dies unsere Kernbranchen sind, kontaktieren Sie uns bitte, um zu besprechen, wie wir Ihnen helfen k\u00f6nnen, [&hellip;]<\/p>\n","protected":false},"author":1,"featured_media":0,"parent":0,"menu_order":0,"comment_status":"closed","ping_status":"closed","template":"elementor_header_footer","meta":{"footnotes":""},"class_list":["post-1411","page","type-page","status-publish","hentry"],"yoast_head":"<!-- This site is optimized with the Yoast SEO plugin v25.7 - https:\/\/yoast.com\/wordpress\/plugins\/seo\/ -->\n<title>Dr. Pay \u2013 Zahlungsl\u00f6sungen f\u00fcr Apotheken, Cannabis &amp; Vape<\/title>\n<meta name=\"description\" content=\"Dr. Pay: Apotheken, Cannabis- Vape-H\u00e4ndler. Onboarding Support.\" \/>\n<meta name=\"robots\" content=\"index, follow, max-snippet:-1, max-image-preview:large, max-video-preview:-1\" \/>\n<link rel=\"canonical\" href=\"https:\/\/drpay.com\/de\/branchen\/\" \/>\n<meta property=\"og:locale\" content=\"de_DE\" \/>\n<meta property=\"og:type\" content=\"article\" \/>\n<meta property=\"og:title\" content=\"Dr. Pay \u2013 Zahlungsl\u00f6sungen f\u00fcr Apotheken, Cannabis &amp; Vape\" \/>\n<meta property=\"og:description\" content=\"Dr. Pay: Apotheken, Cannabis- Vape-H\u00e4ndler. Onboarding Support.\" \/>\n<meta property=\"og:url\" content=\"https:\/\/drpay.com\/de\/branchen\/\" \/>\n<meta property=\"og:site_name\" content=\"Payment Gateway\" \/>\n<meta property=\"article:modified_time\" content=\"2025-10-02T17:30:52+00:00\" \/>\n<meta property=\"og:image\" content=\"https:\/\/drpay.com\/wp-content\/uploads\/elementor\/thumbs\/side-img-bg-4-ra7fva5gea84pbhtszrsbgg095z0ilo5bv1fk5fens.jpg\" \/>\n<meta name=\"twitter:card\" content=\"summary_large_image\" \/>\n<meta name=\"twitter:label1\" content=\"Gesch\u00e4tzte Lesezeit\" \/>\n\t<meta name=\"twitter:data1\" content=\"1\u00a0Minute\" \/>\n<script type=\"application\/ld+json\" class=\"yoast-schema-graph\">{\"@context\":\"https:\/\/schema.org\",\"@graph\":[{\"@type\":\"WebPage\",\"@id\":\"https:\/\/drpay.com\/de\/branchen\/\",\"url\":\"https:\/\/drpay.com\/de\/branchen\/\",\"name\":\"Dr. Pay \u2013 Zahlungsl\u00f6sungen f\u00fcr Apotheken, Cannabis & Vape\",\"isPartOf\":{\"@id\":\"https:\/\/drpay.com\/de\/#website\"},\"primaryImageOfPage\":{\"@id\":\"https:\/\/drpay.com\/de\/branchen\/#primaryimage\"},\"image\":{\"@id\":\"https:\/\/drpay.com\/de\/branchen\/#primaryimage\"},\"thumbnailUrl\":\"https:\/\/drpay.com\/wp-content\/uploads\/elementor\/thumbs\/side-img-bg-4-ra7fva5gea84pbhtszrsbgg095z0ilo5bv1fk5fens.jpg\",\"datePublished\":\"2025-07-26T04:57:23+00:00\",\"dateModified\":\"2025-10-02T17:30:52+00:00\",\"description\":\"Dr. Pay: Apotheken, Cannabis- Vape-H\u00e4ndler. Onboarding Support.\",\"breadcrumb\":{\"@id\":\"https:\/\/drpay.com\/de\/branchen\/#breadcrumb\"},\"inLanguage\":\"de\",\"potentialAction\":[{\"@type\":\"ReadAction\",\"target\":[\"https:\/\/drpay.com\/de\/branchen\/\"]}]},{\"@type\":\"ImageObject\",\"inLanguage\":\"de\",\"@id\":\"https:\/\/drpay.com\/de\/branchen\/#primaryimage\",\"url\":\"https:\/\/drpay.com\/wp-content\/uploads\/elementor\/thumbs\/side-img-bg-4-ra7fva5gea84pbhtszrsbgg095z0ilo5bv1fk5fens.jpg\",\"contentUrl\":\"https:\/\/drpay.com\/wp-content\/uploads\/elementor\/thumbs\/side-img-bg-4-ra7fva5gea84pbhtszrsbgg095z0ilo5bv1fk5fens.jpg\"},{\"@type\":\"BreadcrumbList\",\"@id\":\"https:\/\/drpay.com\/de\/branchen\/#breadcrumb\",\"itemListElement\":[{\"@type\":\"ListItem\",\"position\":1,\"name\":\"Startseite\",\"item\":\"https:\/\/drpay.com\/de\/startseite\/\"},{\"@type\":\"ListItem\",\"position\":2,\"name\":\"Branchen\"}]},{\"@type\":\"WebSite\",\"@id\":\"https:\/\/drpay.com\/de\/#website\",\"url\":\"https:\/\/drpay.com\/de\/\",\"name\":\"Payment Gateway\",\"description\":\"\",\"potentialAction\":[{\"@type\":\"SearchAction\",\"target\":{\"@type\":\"EntryPoint\",\"urlTemplate\":\"https:\/\/drpay.com\/de\/?s={search_term_string}\"},\"query-input\":{\"@type\":\"PropertyValueSpecification\",\"valueRequired\":true,\"valueName\":\"search_term_string\"}}],\"inLanguage\":\"de\"}]}<\/script>\n<!-- \/ Yoast SEO plugin. -->","yoast_head_json":{"title":"Dr. Pay \u2013 Zahlungsl\u00f6sungen f\u00fcr Apotheken, Cannabis & Vape","description":"Dr. Pay: Apotheken, Cannabis- Vape-H\u00e4ndler. Onboarding Support.","robots":{"index":"index","follow":"follow","max-snippet":"max-snippet:-1","max-image-preview":"max-image-preview:large","max-video-preview":"max-video-preview:-1"},"canonical":"https:\/\/drpay.com\/de\/branchen\/","og_locale":"de_DE","og_type":"article","og_title":"Dr. Pay \u2013 Zahlungsl\u00f6sungen f\u00fcr Apotheken, Cannabis & Vape","og_description":"Dr. Pay: Apotheken, Cannabis- Vape-H\u00e4ndler. Onboarding Support.","og_url":"https:\/\/drpay.com\/de\/branchen\/","og_site_name":"Payment Gateway","article_modified_time":"2025-10-02T17:30:52+00:00","og_image":[{"url":"https:\/\/drpay.com\/wp-content\/uploads\/elementor\/thumbs\/side-img-bg-4-ra7fva5gea84pbhtszrsbgg095z0ilo5bv1fk5fens.jpg","type":"","width":"","height":""}],"twitter_card":"summary_large_image","twitter_misc":{"Gesch\u00e4tzte Lesezeit":"1\u00a0Minute"},"schema":{"@context":"https:\/\/schema.org","@graph":[{"@type":"WebPage","@id":"https:\/\/drpay.com\/de\/branchen\/","url":"https:\/\/drpay.com\/de\/branchen\/","name":"Dr. Pay \u2013 Zahlungsl\u00f6sungen f\u00fcr Apotheken, Cannabis & Vape","isPartOf":{"@id":"https:\/\/drpay.com\/de\/#website"},"primaryImageOfPage":{"@id":"https:\/\/drpay.com\/de\/branchen\/#primaryimage"},"image":{"@id":"https:\/\/drpay.com\/de\/branchen\/#primaryimage"},"thumbnailUrl":"https:\/\/drpay.com\/wp-content\/uploads\/elementor\/thumbs\/side-img-bg-4-ra7fva5gea84pbhtszrsbgg095z0ilo5bv1fk5fens.jpg","datePublished":"2025-07-26T04:57:23+00:00","dateModified":"2025-10-02T17:30:52+00:00","description":"Dr. Pay: Apotheken, Cannabis- Vape-H\u00e4ndler. Onboarding Support.","breadcrumb":{"@id":"https:\/\/drpay.com\/de\/branchen\/#breadcrumb"},"inLanguage":"de","potentialAction":[{"@type":"ReadAction","target":["https:\/\/drpay.com\/de\/branchen\/"]}]},{"@type":"ImageObject","inLanguage":"de","@id":"https:\/\/drpay.com\/de\/branchen\/#primaryimage","url":"https:\/\/drpay.com\/wp-content\/uploads\/elementor\/thumbs\/side-img-bg-4-ra7fva5gea84pbhtszrsbgg095z0ilo5bv1fk5fens.jpg","contentUrl":"https:\/\/drpay.com\/wp-content\/uploads\/elementor\/thumbs\/side-img-bg-4-ra7fva5gea84pbhtszrsbgg095z0ilo5bv1fk5fens.jpg"},{"@type":"BreadcrumbList","@id":"https:\/\/drpay.com\/de\/branchen\/#breadcrumb","itemListElement":[{"@type":"ListItem","position":1,"name":"Startseite","item":"https:\/\/drpay.com\/de\/startseite\/"},{"@type":"ListItem","position":2,"name":"Branchen"}]},{"@type":"WebSite","@id":"https:\/\/drpay.com\/de\/#website","url":"https:\/\/drpay.com\/de\/","name":"Payment Gateway","description":"","potentialAction":[{"@type":"SearchAction","target":{"@type":"EntryPoint","urlTemplate":"https:\/\/drpay.com\/de\/?s={search_term_string}"},"query-input":{"@type":"PropertyValueSpecification","valueRequired":true,"valueName":"search_term_string"}}],"inLanguage":"de"}]}},"_links":{"self":[{"href":"https:\/\/drpay.com\/de\/wp-json\/wp\/v2\/pages\/1411","targetHints":{"allow":["GET"]}}],"collection":[{"href":"https:\/\/drpay.com\/de\/wp-json\/wp\/v2\/pages"}],"about":[{"href":"https:\/\/drpay.com\/de\/wp-json\/wp\/v2\/types\/page"}],"author":[{"embeddable":true,"href":"https:\/\/drpay.com\/de\/wp-json\/wp\/v2\/users\/1"}],"replies":[{"embeddable":true,"href":"https:\/\/drpay.com\/de\/wp-json\/wp\/v2\/comments?post=1411"}],"version-history":[{"count":1,"href":"https:\/\/drpay.com\/de\/wp-json\/wp\/v2\/pages\/1411\/revisions"}],"predecessor-version":[{"id":1413,"href":"https:\/\/drpay.com\/de\/wp-json\/wp\/v2\/pages\/1411\/revisions\/1413"}],"wp:attachment":[{"href":"https:\/\/drpay.com\/de\/wp-json\/wp\/v2\/media?parent=1411"}],"curies":[{"name":"wp","href":"https:\/\/api.w.org\/{rel}","templated":true}]}}