{"id":1385,"date":"2025-09-03T13:08:43","date_gmt":"2025-09-03T13:08:43","guid":{"rendered":"https:\/\/drpay.com\/fallstudien\/"},"modified":"2025-10-02T17:30:49","modified_gmt":"2025-10-02T17:30:49","slug":"fallstudien","status":"publish","type":"page","link":"https:\/\/drpay.com\/de\/fallstudien\/","title":{"rendered":"Fallstudien"},"content":{"rendered":"\t\t<div data-elementor-type=\"wp-page\" data-elementor-id=\"1385\" class=\"elementor elementor-1385 elementor-1247\" data-elementor-post-type=\"page\">\n\t\t\t\t\t\t<section class=\"elementor-section elementor-top-section elementor-element elementor-element-d423865 elementor-section-height-min-height elementor-section-items-bottom elementor-section-content-bottom elementor-section-boxed elementor-section-height-default\" data-id=\"d423865\" data-element_type=\"section\" data-settings=\"{&quot;background_background&quot;:&quot;classic&quot;}\">\n\t\t\t\t\t\t\t<div class=\"elementor-background-overlay\"><\/div>\n\t\t\t\t\t\t\t<div class=\"elementor-container elementor-column-gap-default\">\n\t\t\t\t\t<div class=\"elementor-column elementor-col-100 elementor-top-column elementor-element elementor-element-2dcfd2f text-center\" data-id=\"2dcfd2f\" data-element_type=\"column\">\n\t\t\t<div class=\"elementor-widget-wrap elementor-element-populated\">\n\t\t\t\t\t\t\t<\/div>\n\t\t<\/div>\n\t\t\t\t\t<\/div>\n\t\t<\/section>\n\t\t\t\t<section class=\"elementor-section elementor-top-section elementor-element elementor-element-94e088c elementor-section-boxed elementor-section-height-default elementor-section-height-default\" data-id=\"94e088c\" data-element_type=\"section\">\n\t\t\t\t\t\t<div class=\"elementor-container elementor-column-gap-default\">\n\t\t\t\t\t<div class=\"elementor-column elementor-col-100 elementor-top-column elementor-element elementor-element-25cc1d3\" data-id=\"25cc1d3\" data-element_type=\"column\">\n\t\t\t<div class=\"elementor-widget-wrap elementor-element-populated\">\n\t\t\t\t\t\t<div class=\"elementor-element elementor-element-b47d382 elementor-widget elementor-widget-image\" data-id=\"b47d382\" data-element_type=\"widget\" data-widget_type=\"image.default\">\n\t\t\t\t<div class=\"elementor-widget-container\">\n\t\t\t\t\t\t\t\t\t\t\t\t\t\t\t<img decoding=\"async\" width=\"300\" height=\"77\" src=\"https:\/\/drpay.com\/wp-content\/uploads\/2025\/09\/zoto-logo-678a5a7b9b46a-1.png\" class=\"attachment-large size-large wp-image-1387\" alt=\"\" \/>\t\t\t\t\t\t\t\t\t\t\t\t\t\t\t<\/div>\n\t\t\t\t<\/div>\n\t\t\t\t<div class=\"elementor-element elementor-element-ceb96bc elementor-widget elementor-widget-heading\" data-id=\"ceb96bc\" data-element_type=\"widget\" data-widget_type=\"heading.default\">\n\t\t\t\t<div class=\"elementor-widget-container\">\n\t\t\t\t\t<h2 class=\"elementor-heading-title elementor-size-default\">Kunde<\/h2>\t\t\t\t<\/div>\n\t\t\t\t<\/div>\n\t\t\t\t<div class=\"elementor-element elementor-element-a4a70c8 elementor-widget elementor-widget-text-editor\" data-id=\"a4a70c8\" data-element_type=\"widget\" data-widget_type=\"text-editor.default\">\n\t\t\t\t<div class=\"elementor-widget-container\">\n\t\t\t\t\t\t\t\t\tZoto.co.uk \u2013 eine in Gro\u00dfbritannien ans\u00e4ssige Online-Apotheke, die sich auf innovative Gesundheitsl\u00f6sungen, einschlie\u00dflich lizenzierter medizinischer Cannabisprodukte, spezialisiert hat.\t\t\t\t\t\t\t\t<\/div>\n\t\t\t\t<\/div>\n\t\t\t\t\t<\/div>\n\t\t<\/div>\n\t\t\t\t\t<\/div>\n\t\t<\/section>\n\t\t\t\t<section class=\"elementor-section elementor-top-section elementor-element elementor-element-c67cf0a elementor-section-boxed elementor-section-height-default elementor-section-height-default\" data-id=\"c67cf0a\" data-element_type=\"section\">\n\t\t\t\t\t\t<div class=\"elementor-container elementor-column-gap-default\">\n\t\t\t\t\t<div class=\"elementor-column elementor-col-100 elementor-top-column elementor-element elementor-element-5fe42aa\" data-id=\"5fe42aa\" data-element_type=\"column\">\n\t\t\t<div class=\"elementor-widget-wrap elementor-element-populated\">\n\t\t\t\t\t\t<div class=\"elementor-element elementor-element-1934f50 elementor-widget elementor-widget-heading\" data-id=\"1934f50\" data-element_type=\"widget\" data-widget_type=\"heading.default\">\n\t\t\t\t<div class=\"elementor-widget-container\">\n\t\t\t\t\t<h2 class=\"elementor-heading-title elementor-size-default\">Herausforderung<\/h2>\t\t\t\t<\/div>\n\t\t\t\t<\/div>\n\t\t\t\t<div class=\"elementor-element elementor-element-a36865c elementor-widget elementor-widget-text-editor\" data-id=\"a36865c\" data-element_type=\"widget\" data-widget_type=\"text-editor.default\">\n\t\t\t\t<div class=\"elementor-widget-container\">\n\t\t\t\t\t\t\t\t\tZotos bisheriger Zahlungsdienstleister k\u00fcndigte abrupt an, seine Dienste innerhalb von sechs Wochen aufgrund von Bedenken hinsichtlich des Verkaufs von medizinischem Cannabis einzustellen. Erschwerend kam hinzu, dass der Anbieter auch mitteilte, die Auszahlung der Gelder f\u00fcr sechs Monate zur\u00fcckzuhalten.\t\t\t\t\t\t\t\t<\/div>\n\t\t\t\t<\/div>\n\t\t\t\t\t<\/div>\n\t\t<\/div>\n\t\t\t\t\t<\/div>\n\t\t<\/section>\n\t\t\t\t<section class=\"elementor-section elementor-top-section elementor-element elementor-element-d5e0111 opacity-bg elementor-section-boxed elementor-section-height-default elementor-section-height-default\" data-id=\"d5e0111\" data-element_type=\"section\">\n\t\t\t\t\t\t<div class=\"elementor-container elementor-column-gap-default\">\n\t\t\t\t\t<div class=\"elementor-column elementor-col-50 elementor-top-column elementor-element elementor-element-98c3836\" data-id=\"98c3836\" data-element_type=\"column\" data-settings=\"{&quot;background_background&quot;:&quot;classic&quot;}\">\n\t\t\t<div class=\"elementor-widget-wrap elementor-element-populated\">\n\t\t\t\t\t<div class=\"elementor-background-overlay\"><\/div>\n\t\t\t\t\t\t<div class=\"elementor-element elementor-element-448aa10 green-grad elementor-widget elementor-widget-heading\" data-id=\"448aa10\" data-element_type=\"widget\" data-widget_type=\"heading.default\">\n\t\t\t\t<div class=\"elementor-widget-container\">\n\t\t\t\t\t<h2 class=\"elementor-heading-title elementor-size-default\">Dies f\u00fchrte zu zwei <span>kritischen Risiken<\/span> f\u00fcr Zoto:<\/h2>\t\t\t\t<\/div>\n\t\t\t\t<\/div>\n\t\t\t\t<div class=\"elementor-element elementor-element-e267915 elementor-widget elementor-widget-text-editor\" data-id=\"e267915\" data-element_type=\"widget\" data-widget_type=\"text-editor.default\">\n\t\t\t\t<div class=\"elementor-widget-container\">\n\t\t\t\t\t\t\t\t\t<ul><li>Cashflow-Unterbrechung: kein Zugriff auf abgerechnete Gelder f\u00fcr ein halbes Jahr.<\/li><li>Risiko f\u00fcr die Gesch\u00e4ftskontinuit\u00e4t: Verlust der M\u00f6glichkeit, Online-Zahlungen zu akzeptieren, was den Betrieb und den Patientenzugang direkt gef\u00e4hrdet.<\/li><\/ul>\t\t\t\t\t\t\t\t<\/div>\n\t\t\t\t<\/div>\n\t\t\t\t\t<\/div>\n\t\t<\/div>\n\t\t\t\t<div class=\"elementor-column elementor-col-50 elementor-top-column elementor-element elementor-element-a430958\" data-id=\"a430958\" data-element_type=\"column\" data-settings=\"{&quot;background_background&quot;:&quot;classic&quot;}\">\n\t\t\t<div class=\"elementor-widget-wrap elementor-element-populated\">\n\t\t\t\t\t<div class=\"elementor-background-overlay\"><\/div>\n\t\t\t\t\t\t<div class=\"elementor-element elementor-element-74550b2 green-grad elementor-widget elementor-widget-heading\" data-id=\"74550b2\" data-element_type=\"widget\" data-widget_type=\"heading.default\">\n\t\t\t\t<div class=\"elementor-widget-container\">\n\t\t\t\t\t<h2 class=\"elementor-heading-title elementor-size-default\">L\u00f6sung: <span>DrPay<\/span> greift ein<\/h2>\t\t\t\t<\/div>\n\t\t\t\t<\/div>\n\t\t\t\t<div class=\"elementor-element elementor-element-bc389d0 elementor-widget elementor-widget-text-editor\" data-id=\"bc389d0\" data-element_type=\"widget\" data-widget_type=\"text-editor.default\">\n\t\t\t\t<div class=\"elementor-widget-container\">\n\t\t\t\t\t\t\t\t\t<p>Zoto ben\u00f6tigte dringend einen neuen Zahlungspartner, der sowohl ihren Sektor verstand als auch schnell handeln konnte.<\/p><ul><li>Innerhalb von 24 Stunden unterbreitete DrPay ein wettbewerbsf\u00e4higes, transparentes H\u00e4ndlerangebot.<\/li><li>DrPay pr\u00fcfte Zotos Gesch\u00e4ftsmodell und regulatorische Position sofort.<\/li><li>In Zusammenarbeit mit einem von der FCA regulierten Partner stellte DrPay sicher, dass Compliance-Pr\u00fcfungen und das Onboarding ohne Verz\u00f6gerung abgeschlossen wurden.<\/li><li>Die Integration wurde in nur 9 Tagen abgeschlossen, wodurch Zoto wieder Online-Zahlungen mit minimaler Unterbrechung entgegennehmen konnte.<\/li><\/ul>\t\t\t\t\t\t\t\t<\/div>\n\t\t\t\t<\/div>\n\t\t\t\t\t<\/div>\n\t\t<\/div>\n\t\t\t\t\t<\/div>\n\t\t<\/section>\n\t\t\t\t<section class=\"elementor-section elementor-top-section elementor-element elementor-element-9d620ba elementor-section-boxed elementor-section-height-default elementor-section-height-default\" data-id=\"9d620ba\" data-element_type=\"section\">\n\t\t\t\t\t\t<div class=\"elementor-container elementor-column-gap-default\">\n\t\t\t\t\t<div class=\"elementor-column elementor-col-100 elementor-top-column elementor-element elementor-element-19646a7\" data-id=\"19646a7\" data-element_type=\"column\">\n\t\t\t<div class=\"elementor-widget-wrap elementor-element-populated\">\n\t\t\t\t\t\t<div class=\"elementor-element elementor-element-c7563c8 elementor-widget elementor-widget-heading\" data-id=\"c7563c8\" data-element_type=\"widget\" data-widget_type=\"heading.default\">\n\t\t\t\t<div class=\"elementor-widget-container\">\n\t\t\t\t\t<h2 class=\"elementor-heading-title elementor-size-default\">Ergebnisse<\/h2>\t\t\t\t<\/div>\n\t\t\t\t<\/div>\n\t\t\t\t<div class=\"elementor-element elementor-element-cab3a62 elementor-widget elementor-widget-text-editor\" data-id=\"cab3a62\" data-element_type=\"widget\" data-widget_type=\"text-editor.default\">\n\t\t\t\t<div class=\"elementor-widget-container\">\n\t\t\t\t\t\t\t\t\t<p><img decoding=\"async\" class=\"emoji\" role=\"img\" draggable=\"false\" src=\"https:\/\/s.w.org\/images\/core\/emoji\/16.0.1\/svg\/2705.svg\" alt=\"\u2705\"> Gesch\u00e4ftskontinuit\u00e4t gesichert \u2013 Zoto vermied Ausfallzeiten bei der Zahlungsannahme.<\/p><p><img decoding=\"async\" class=\"emoji\" role=\"img\" draggable=\"false\" src=\"https:\/\/s.w.org\/images\/core\/emoji\/16.0.1\/svg\/2705.svg\" alt=\"\u2705\"> Schnelle Integration \u2013 vom Angebot bis zur Live-Schaltung in weniger als 10 Tagen.<\/p><p><img decoding=\"async\" class=\"emoji\" role=\"img\" draggable=\"false\" src=\"https:\/\/s.w.org\/images\/core\/emoji\/16.0.1\/svg\/2705.svg\" alt=\"\u2705\"> Verbesserte Stabilit\u00e4t \u2013 unterst\u00fctzt durch einen Partner mit Branchenexpertise und regulatorischer Widerstandsf\u00e4higkeit. <\/p><p><img decoding=\"async\" class=\"emoji\" role=\"img\" draggable=\"false\" src=\"https:\/\/s.w.org\/images\/core\/emoji\/16.0.1\/svg\/2705.svg\" alt=\"\u2705\"> Sorgenfreiheit \u2013 Gelder werden zuverl\u00e4ssig mit Verf\u00fcgbarkeit am n\u00e4chsten Tag abgerechnet.<\/p>\t\t\t\t\t\t\t\t<\/div>\n\t\t\t\t<\/div>\n\t\t\t\t\t<\/div>\n\t\t<\/div>\n\t\t\t\t\t<\/div>\n\t\t<\/section>\n\t\t\t\t<section class=\"elementor-section elementor-top-section elementor-element elementor-element-351a6b5 elementor-section-full_width elementor-section-height-default elementor-section-height-default\" data-id=\"351a6b5\" data-element_type=\"section\" data-settings=\"{&quot;background_background&quot;:&quot;classic&quot;}\">\n\t\t\t\t\t\t<div class=\"elementor-container elementor-column-gap-default\">\n\t\t\t\t\t<div class=\"elementor-column elementor-col-100 elementor-top-column elementor-element elementor-element-7b38660\" data-id=\"7b38660\" data-element_type=\"column\" data-settings=\"{&quot;background_background&quot;:&quot;classic&quot;}\">\n\t\t\t<div class=\"elementor-widget-wrap elementor-element-populated\">\n\t\t\t\t\t\t<div class=\"elementor-element elementor-element-88d5998 elementor-widget elementor-widget-heading\" data-id=\"88d5998\" data-element_type=\"widget\" data-widget_type=\"heading.default\">\n\t\t\t\t<div class=\"elementor-widget-container\">\n\t\t\t\t\t<h2 class=\"elementor-heading-title elementor-size-default\">Kundenstimme<\/h2>\t\t\t\t<\/div>\n\t\t\t\t<\/div>\n\t\t\t\t<div class=\"elementor-element elementor-element-ce5df65 elementor-widget elementor-widget-text-editor\" data-id=\"ce5df65\" data-element_type=\"widget\" data-widget_type=\"text-editor.default\">\n\t\t\t\t<div class=\"elementor-widget-container\">\n\t\t\t\t\t\t\t\t\t<p>\u201eAls unser vorheriger Anbieter pl\u00f6tzlich seine Dienste einstellte, standen wir vor einer echten Krise. DrPay bot uns nicht nur innerhalb von 24 Stunden eine L\u00f6sung an, sondern sorgte auch daf\u00fcr, dass wir innerhalb von 9 Tagen wieder vollst\u00e4ndig integriert waren und Zahlungen entgegennehmen konnten. Ihre Geschwindigkeit und Professionalit\u00e4t waren herausragend.\u201c \u201eShailesh\u201c <a href=\"http:\/\/www.zoto.co.uk\/\">www.zoto.co.uk<\/a><\/p>\t\t\t\t\t\t\t\t<\/div>\n\t\t\t\t<\/div>\n\t\t\t\t<div class=\"elementor-element elementor-element-e836a16 elementor-widget elementor-widget-heading\" data-id=\"e836a16\" data-element_type=\"widget\" data-widget_type=\"heading.default\">\n\t\t\t\t<div class=\"elementor-widget-container\">\n\t\t\t\t\t<h2 class=\"elementor-heading-title elementor-size-default\">Warum DrPay?<\/h2>\t\t\t\t<\/div>\n\t\t\t\t<\/div>\n\t\t\t\t<div class=\"elementor-element elementor-element-1a56df7 elementor-widget elementor-widget-text-editor\" data-id=\"1a56df7\" data-element_type=\"widget\" data-widget_type=\"text-editor.default\">\n\t\t\t\t<div class=\"elementor-widget-container\">\n\t\t\t\t\t\t\t\t\t<p>DrPay ist darauf spezialisiert, Unternehmen in regulierten oder stark regulierten Sektoren Zugang zu fairen, schnellen und sicheren Zahlungsl\u00f6sungen zu erm\u00f6glichen.<\/p>\t\t\t\t\t\t\t\t<\/div>\n\t\t\t\t<\/div>\n\t\t\t\t\t<\/div>\n\t\t<\/div>\n\t\t\t\t\t<\/div>\n\t\t<\/section>\n\t\t\t\t<\/div>\n\t\t","protected":false},"excerpt":{"rendered":"<p>Kunde Zoto.co.uk \u2013 eine in Gro\u00dfbritannien ans\u00e4ssige Online-Apotheke, die sich auf innovative Gesundheitsl\u00f6sungen, einschlie\u00dflich lizenzierter medizinischer Cannabisprodukte, spezialisiert hat. Herausforderung Zotos bisheriger Zahlungsdienstleister k\u00fcndigte abrupt an, seine Dienste innerhalb von sechs Wochen aufgrund von Bedenken hinsichtlich des Verkaufs von medizinischem Cannabis einzustellen. Erschwerend kam hinzu, dass der Anbieter auch mitteilte, die Auszahlung der Gelder f\u00fcr [&hellip;]<\/p>\n","protected":false},"author":1,"featured_media":0,"parent":0,"menu_order":0,"comment_status":"closed","ping_status":"closed","template":"elementor_header_footer","meta":{"footnotes":""},"class_list":["post-1385","page","type-page","status-publish","hentry"],"yoast_head":"<!-- This site is optimized with the Yoast SEO plugin v25.7 - https:\/\/yoast.com\/wordpress\/plugins\/seo\/ -->\n<title>Dr. Pay \u2013 sicheres, PCI-Gateway<\/title>\n<meta name=\"description\" content=\"Dr Pay bietet ein vollst\u00e4ndig PCI DSS Level 1 zertifiziertes Zahlungs-Gateway, das Ihre Compliance-Last reduziert und erstklassige Sicherheit bietet.\" \/>\n<meta name=\"robots\" content=\"index, follow, max-snippet:-1, max-image-preview:large, max-video-preview:-1\" \/>\n<link rel=\"canonical\" href=\"https:\/\/drpay.com\/de\/fallstudien\/\" \/>\n<meta property=\"og:locale\" content=\"de_DE\" \/>\n<meta property=\"og:type\" content=\"article\" \/>\n<meta property=\"og:title\" content=\"Dr. Pay \u2013 sicheres, PCI-Gateway\" \/>\n<meta property=\"og:description\" content=\"Dr Pay bietet ein vollst\u00e4ndig PCI DSS Level 1 zertifiziertes Zahlungs-Gateway, das Ihre Compliance-Last reduziert und erstklassige Sicherheit bietet.\" \/>\n<meta property=\"og:url\" content=\"https:\/\/drpay.com\/de\/fallstudien\/\" \/>\n<meta property=\"og:site_name\" content=\"Payment Gateway\" \/>\n<meta property=\"article:modified_time\" content=\"2025-10-02T17:30:49+00:00\" \/>\n<meta property=\"og:image\" content=\"https:\/\/drpay.com\/wp-content\/uploads\/2025\/09\/zoto-logo-678a5a7b9b46a-1.png\" \/>\n\t<meta property=\"og:image:width\" content=\"300\" \/>\n\t<meta property=\"og:image:height\" content=\"77\" \/>\n\t<meta property=\"og:image:type\" content=\"image\/png\" \/>\n<meta name=\"twitter:card\" content=\"summary_large_image\" \/>\n<meta name=\"twitter:label1\" content=\"Gesch\u00e4tzte Lesezeit\" \/>\n\t<meta name=\"twitter:data1\" content=\"2\u00a0Minuten\" \/>\n<script type=\"application\/ld+json\" class=\"yoast-schema-graph\">{\"@context\":\"https:\/\/schema.org\",\"@graph\":[{\"@type\":\"WebPage\",\"@id\":\"https:\/\/drpay.com\/de\/fallstudien\/\",\"url\":\"https:\/\/drpay.com\/de\/fallstudien\/\",\"name\":\"Dr. Pay \u2013 sicheres, PCI-Gateway\",\"isPartOf\":{\"@id\":\"https:\/\/drpay.com\/de\/#website\"},\"primaryImageOfPage\":{\"@id\":\"https:\/\/drpay.com\/de\/fallstudien\/#primaryimage\"},\"image\":{\"@id\":\"https:\/\/drpay.com\/de\/fallstudien\/#primaryimage\"},\"thumbnailUrl\":\"https:\/\/drpay.com\/wp-content\/uploads\/2025\/09\/zoto-logo-678a5a7b9b46a-1.png\",\"datePublished\":\"2025-09-03T13:08:43+00:00\",\"dateModified\":\"2025-10-02T17:30:49+00:00\",\"description\":\"Dr Pay bietet ein vollst\u00e4ndig PCI DSS Level 1 zertifiziertes Zahlungs-Gateway, das Ihre Compliance-Last reduziert und erstklassige Sicherheit bietet.\",\"breadcrumb\":{\"@id\":\"https:\/\/drpay.com\/de\/fallstudien\/#breadcrumb\"},\"inLanguage\":\"de\",\"potentialAction\":[{\"@type\":\"ReadAction\",\"target\":[\"https:\/\/drpay.com\/de\/fallstudien\/\"]}]},{\"@type\":\"ImageObject\",\"inLanguage\":\"de\",\"@id\":\"https:\/\/drpay.com\/de\/fallstudien\/#primaryimage\",\"url\":\"https:\/\/drpay.com\/wp-content\/uploads\/2025\/09\/zoto-logo-678a5a7b9b46a-1.png\",\"contentUrl\":\"https:\/\/drpay.com\/wp-content\/uploads\/2025\/09\/zoto-logo-678a5a7b9b46a-1.png\"},{\"@type\":\"BreadcrumbList\",\"@id\":\"https:\/\/drpay.com\/de\/fallstudien\/#breadcrumb\",\"itemListElement\":[{\"@type\":\"ListItem\",\"position\":1,\"name\":\"Startseite\",\"item\":\"https:\/\/drpay.com\/de\/startseite\/\"},{\"@type\":\"ListItem\",\"position\":2,\"name\":\"Fallstudien\"}]},{\"@type\":\"WebSite\",\"@id\":\"https:\/\/drpay.com\/de\/#website\",\"url\":\"https:\/\/drpay.com\/de\/\",\"name\":\"Payment Gateway\",\"description\":\"\",\"potentialAction\":[{\"@type\":\"SearchAction\",\"target\":{\"@type\":\"EntryPoint\",\"urlTemplate\":\"https:\/\/drpay.com\/de\/?s={search_term_string}\"},\"query-input\":{\"@type\":\"PropertyValueSpecification\",\"valueRequired\":true,\"valueName\":\"search_term_string\"}}],\"inLanguage\":\"de\"}]}<\/script>\n<!-- \/ Yoast SEO plugin. -->","yoast_head_json":{"title":"Dr. Pay \u2013 sicheres, PCI-Gateway","description":"Dr Pay bietet ein vollst\u00e4ndig PCI DSS Level 1 zertifiziertes Zahlungs-Gateway, das Ihre Compliance-Last reduziert und erstklassige Sicherheit bietet.","robots":{"index":"index","follow":"follow","max-snippet":"max-snippet:-1","max-image-preview":"max-image-preview:large","max-video-preview":"max-video-preview:-1"},"canonical":"https:\/\/drpay.com\/de\/fallstudien\/","og_locale":"de_DE","og_type":"article","og_title":"Dr. Pay \u2013 sicheres, PCI-Gateway","og_description":"Dr Pay bietet ein vollst\u00e4ndig PCI DSS Level 1 zertifiziertes Zahlungs-Gateway, das Ihre Compliance-Last reduziert und erstklassige Sicherheit bietet.","og_url":"https:\/\/drpay.com\/de\/fallstudien\/","og_site_name":"Payment Gateway","article_modified_time":"2025-10-02T17:30:49+00:00","og_image":[{"width":300,"height":77,"url":"https:\/\/drpay.com\/wp-content\/uploads\/2025\/09\/zoto-logo-678a5a7b9b46a-1.png","type":"image\/png"}],"twitter_card":"summary_large_image","twitter_misc":{"Gesch\u00e4tzte Lesezeit":"2\u00a0Minuten"},"schema":{"@context":"https:\/\/schema.org","@graph":[{"@type":"WebPage","@id":"https:\/\/drpay.com\/de\/fallstudien\/","url":"https:\/\/drpay.com\/de\/fallstudien\/","name":"Dr. Pay \u2013 sicheres, PCI-Gateway","isPartOf":{"@id":"https:\/\/drpay.com\/de\/#website"},"primaryImageOfPage":{"@id":"https:\/\/drpay.com\/de\/fallstudien\/#primaryimage"},"image":{"@id":"https:\/\/drpay.com\/de\/fallstudien\/#primaryimage"},"thumbnailUrl":"https:\/\/drpay.com\/wp-content\/uploads\/2025\/09\/zoto-logo-678a5a7b9b46a-1.png","datePublished":"2025-09-03T13:08:43+00:00","dateModified":"2025-10-02T17:30:49+00:00","description":"Dr Pay bietet ein vollst\u00e4ndig PCI DSS Level 1 zertifiziertes Zahlungs-Gateway, das Ihre Compliance-Last reduziert und erstklassige Sicherheit bietet.","breadcrumb":{"@id":"https:\/\/drpay.com\/de\/fallstudien\/#breadcrumb"},"inLanguage":"de","potentialAction":[{"@type":"ReadAction","target":["https:\/\/drpay.com\/de\/fallstudien\/"]}]},{"@type":"ImageObject","inLanguage":"de","@id":"https:\/\/drpay.com\/de\/fallstudien\/#primaryimage","url":"https:\/\/drpay.com\/wp-content\/uploads\/2025\/09\/zoto-logo-678a5a7b9b46a-1.png","contentUrl":"https:\/\/drpay.com\/wp-content\/uploads\/2025\/09\/zoto-logo-678a5a7b9b46a-1.png"},{"@type":"BreadcrumbList","@id":"https:\/\/drpay.com\/de\/fallstudien\/#breadcrumb","itemListElement":[{"@type":"ListItem","position":1,"name":"Startseite","item":"https:\/\/drpay.com\/de\/startseite\/"},{"@type":"ListItem","position":2,"name":"Fallstudien"}]},{"@type":"WebSite","@id":"https:\/\/drpay.com\/de\/#website","url":"https:\/\/drpay.com\/de\/","name":"Payment Gateway","description":"","potentialAction":[{"@type":"SearchAction","target":{"@type":"EntryPoint","urlTemplate":"https:\/\/drpay.com\/de\/?s={search_term_string}"},"query-input":{"@type":"PropertyValueSpecification","valueRequired":true,"valueName":"search_term_string"}}],"inLanguage":"de"}]}},"_links":{"self":[{"href":"https:\/\/drpay.com\/de\/wp-json\/wp\/v2\/pages\/1385","targetHints":{"allow":["GET"]}}],"collection":[{"href":"https:\/\/drpay.com\/de\/wp-json\/wp\/v2\/pages"}],"about":[{"href":"https:\/\/drpay.com\/de\/wp-json\/wp\/v2\/types\/page"}],"author":[{"embeddable":true,"href":"https:\/\/drpay.com\/de\/wp-json\/wp\/v2\/users\/1"}],"replies":[{"embeddable":true,"href":"https:\/\/drpay.com\/de\/wp-json\/wp\/v2\/comments?post=1385"}],"version-history":[{"count":1,"href":"https:\/\/drpay.com\/de\/wp-json\/wp\/v2\/pages\/1385\/revisions"}],"predecessor-version":[{"id":1391,"href":"https:\/\/drpay.com\/de\/wp-json\/wp\/v2\/pages\/1385\/revisions\/1391"}],"wp:attachment":[{"href":"https:\/\/drpay.com\/de\/wp-json\/wp\/v2\/media?parent=1385"}],"curies":[{"name":"wp","href":"https:\/\/api.w.org\/{rel}","templated":true}]}}