{"id":1381,"date":"2025-07-26T04:57:35","date_gmt":"2025-07-26T04:57:35","guid":{"rendered":"https:\/\/drpay.com\/sicherheit\/"},"modified":"2025-10-02T17:30:38","modified_gmt":"2025-10-02T17:30:38","slug":"sicherheit","status":"publish","type":"page","link":"https:\/\/drpay.com\/de\/sicherheit\/","title":{"rendered":"Sicherheit"},"content":{"rendered":"\t\t<div data-elementor-type=\"wp-page\" data-elementor-id=\"1381\" class=\"elementor elementor-1381 elementor-17\" data-elementor-post-type=\"page\">\n\t\t\t\t\t\t<section class=\"elementor-section elementor-top-section elementor-element elementor-element-d423865 elementor-section-height-min-height elementor-section-items-bottom elementor-section-content-bottom elementor-section-boxed elementor-section-height-default\" data-id=\"d423865\" data-element_type=\"section\" data-settings=\"{&quot;background_background&quot;:&quot;classic&quot;}\">\n\t\t\t\t\t\t\t<div class=\"elementor-background-overlay\"><\/div>\n\t\t\t\t\t\t\t<div class=\"elementor-container elementor-column-gap-default\">\n\t\t\t\t\t<div class=\"elementor-column elementor-col-100 elementor-top-column elementor-element elementor-element-2dcfd2f text-center\" data-id=\"2dcfd2f\" data-element_type=\"column\">\n\t\t\t<div class=\"elementor-widget-wrap elementor-element-populated\">\n\t\t\t\t\t\t\t<\/div>\n\t\t<\/div>\n\t\t\t\t\t<\/div>\n\t\t<\/section>\n\t\t\t\t<section class=\"elementor-section elementor-top-section elementor-element elementor-element-d149397 elementor-section-boxed elementor-section-height-default elementor-section-height-default\" data-id=\"d149397\" data-element_type=\"section\">\n\t\t\t\t\t\t<div class=\"elementor-container elementor-column-gap-default\">\n\t\t\t\t\t<div class=\"elementor-column elementor-col-50 elementor-top-column elementor-element elementor-element-59c3c99\" data-id=\"59c3c99\" data-element_type=\"column\">\n\t\t\t<div class=\"elementor-widget-wrap elementor-element-populated\">\n\t\t\t\t\t\t<div class=\"elementor-element elementor-element-030dc11 elementor-icon-list--layout-inline breadcrumb elementor-tablet-align-center elementor-list-item-link-full_width elementor-widget elementor-widget-icon-list\" data-id=\"030dc11\" data-element_type=\"widget\" data-widget_type=\"icon-list.default\">\n\t\t\t\t<div class=\"elementor-widget-container\">\n\t\t\t\t\t\t\t<ul class=\"elementor-icon-list-items elementor-inline-items\">\n\t\t\t\t\t\t\t<li class=\"elementor-icon-list-item elementor-inline-item\">\n\t\t\t\t\t\t\t\t\t\t\t<a href=\"https:\/\/drpay.com\/?lang=de\">\n\n\t\t\t\t\t\t\t\t\t\t\t<span class=\"elementor-icon-list-text\">Startseite<\/span>\n\t\t\t\t\t\t\t\t\t\t\t<\/a>\n\t\t\t\t\t\t\t\t\t<\/li>\n\t\t\t\t\t\t\t\t<li class=\"elementor-icon-list-item elementor-inline-item\">\n\t\t\t\t\t\t\t\t\t\t\t<a href=\"https:\/\/drpay.com\/sicherheit\/?lang=de\">\n\n\t\t\t\t\t\t\t\t\t\t\t<span class=\"elementor-icon-list-text\">Sicherheit<\/span>\n\t\t\t\t\t\t\t\t\t\t\t<\/a>\n\t\t\t\t\t\t\t\t\t<\/li>\n\t\t\t\t\t\t<\/ul>\n\t\t\t\t\t\t<\/div>\n\t\t\t\t<\/div>\n\t\t\t\t<div class=\"elementor-element elementor-element-28357ce green-grad elementor-widget elementor-widget-heading\" data-id=\"28357ce\" data-element_type=\"widget\" data-widget_type=\"heading.default\">\n\t\t\t\t<div class=\"elementor-widget-container\">\n\t\t\t\t\t<h3 class=\"elementor-heading-title elementor-size-default\">Sichere Zahlungsl\u00f6sungen, die Ihnen <span>ein gutes Gef\u00fchl<\/span> geben<\/h3>\t\t\t\t<\/div>\n\t\t\t\t<\/div>\n\t\t\t\t<div class=\"elementor-element elementor-element-113d327 elementor-widget elementor-widget-text-editor\" data-id=\"113d327\" data-element_type=\"widget\" data-widget_type=\"text-editor.default\">\n\t\t\t\t<div class=\"elementor-widget-container\">\n\t\t\t\t\t\t\t\t\t<p>Sicherheit hat bei allen Zahlungsabwicklungsl\u00f6sungen h\u00f6chste Priorit\u00e4t, und die Online-Payment-Gateways, mit denen wir zusammenarbeiten, sind vollst\u00e4ndig gepr\u00fcft und akkreditiert, um die h\u00f6chsten Sicherheitsstandards f\u00fcr Kredit- und Debitkartentransaktionen zu erf\u00fcllen \u2013 PCI DSS Level 1, Version 3.0.<\/p><p>Mit dieser Zertifizierung bieten unsere Partner ein H\u00f6chstma\u00df an Sicherheit. Dies stellt sicher, dass durch die Nutzung ihrer Kartenverarbeitungsdienste Ihre Verantwortung f\u00fcr die PCI-Compliance erheblich reduziert wird.<\/p><p>Diese h\u00f6heren PCI-Zulassungen \u00fcbertreffen die der meisten Acquirer und geben Ihnen ein gutes Gef\u00fchl in einem sich st\u00e4ndig weiterentwickelnden regulatorischen Umfeld.<\/p>\t\t\t\t\t\t\t\t<\/div>\n\t\t\t\t<\/div>\n\t\t\t\t\t<\/div>\n\t\t<\/div>\n\t\t\t\t<div class=\"elementor-column elementor-col-50 elementor-top-column elementor-element elementor-element-a9d0b32 margin-auto\" data-id=\"a9d0b32\" data-element_type=\"column\">\n\t\t\t<div class=\"elementor-widget-wrap elementor-element-populated\">\n\t\t\t\t\t\t<div class=\"elementor-element elementor-element-ba2d320 elementor-widget elementor-widget-image\" data-id=\"ba2d320\" data-element_type=\"widget\" data-widget_type=\"image.default\">\n\t\t\t\t<div class=\"elementor-widget-container\">\n\t\t\t\t\t\t\t\t\t\t\t\t\t\t\t<img decoding=\"async\" src=\"https:\/\/drpay.com\/wp-content\/uploads\/elementor\/thumbs\/security-side-img-ra7fva5gea84pbhtszrsbgg095z0ilo5bv1fk5fens.jpg\" title=\"security-side-img\" alt=\"security-side-img\" loading=\"lazy\" \/>\t\t\t\t\t\t\t\t\t\t\t\t\t\t\t<\/div>\n\t\t\t\t<\/div>\n\t\t\t\t\t<\/div>\n\t\t<\/div>\n\t\t\t\t\t<\/div>\n\t\t<\/section>\n\t\t\t\t<section class=\"elementor-section elementor-top-section elementor-element elementor-element-8d0f399 elementor-section-full_width elementor-section-height-default elementor-section-height-default\" data-id=\"8d0f399\" data-element_type=\"section\">\n\t\t\t\t\t\t<div class=\"elementor-container elementor-column-gap-default\">\n\t\t\t\t\t<div class=\"elementor-column elementor-col-100 elementor-top-column elementor-element elementor-element-8f4148b\" data-id=\"8f4148b\" data-element_type=\"column\">\n\t\t\t<div class=\"elementor-widget-wrap elementor-element-populated\">\n\t\t\t\t\t\t<div class=\"elementor-element elementor-element-b3b4135 elementor-widget elementor-widget-text-editor\" data-id=\"b3b4135\" data-element_type=\"widget\" data-widget_type=\"text-editor.default\">\n\t\t\t\t<div class=\"elementor-widget-container\">\n\t\t\t\t\t\t\t\t\t<div class=\"side-oblong-keyline-left-mask\"> <\/div>\t\t\t\t\t\t\t\t<\/div>\n\t\t\t\t<\/div>\n\t\t\t\t\t<\/div>\n\t\t<\/div>\n\t\t\t\t\t<\/div>\n\t\t<\/section>\n\t\t\t\t<\/div>\n\t\t","protected":false},"excerpt":{"rendered":"<p>Startseite Sicherheit Sichere Zahlungsl\u00f6sungen, die Ihnen ein gutes Gef\u00fchl geben Sicherheit hat bei allen Zahlungsabwicklungsl\u00f6sungen h\u00f6chste Priorit\u00e4t, und die Online-Payment-Gateways, mit denen wir zusammenarbeiten, sind vollst\u00e4ndig gepr\u00fcft und akkreditiert, um die h\u00f6chsten Sicherheitsstandards f\u00fcr Kredit- und Debitkartentransaktionen zu erf\u00fcllen \u2013 PCI DSS Level 1, Version 3.0. Mit dieser Zertifizierung bieten unsere Partner ein H\u00f6chstma\u00df an [&hellip;]<\/p>\n","protected":false},"author":1,"featured_media":0,"parent":0,"menu_order":0,"comment_status":"closed","ping_status":"closed","template":"elementor_header_footer","meta":{"footnotes":""},"class_list":["post-1381","page","type-page","status-publish","hentry"],"yoast_head":"<!-- This site is optimized with the Yoast SEO plugin v25.7 - https:\/\/yoast.com\/wordpress\/plugins\/seo\/ -->\n<title>Dr. Pay \u2013 sicheres PCI DSS Payment Gateway<\/title>\n<meta name=\"description\" content=\"Dr. Pay bietet ein vollst\u00e4ndig PCI DSS Level 1 zertifiziertes Payment Gateway, das Ihre Compliance-Belastung reduziert und erstklassige Sicherheit bietet.\" \/>\n<meta name=\"robots\" content=\"index, follow, max-snippet:-1, max-image-preview:large, max-video-preview:-1\" \/>\n<link rel=\"canonical\" href=\"https:\/\/drpay.com\/de\/sicherheit\/\" \/>\n<meta property=\"og:locale\" content=\"de_DE\" \/>\n<meta property=\"og:type\" content=\"article\" \/>\n<meta property=\"og:title\" content=\"Dr. Pay \u2013 sicheres PCI DSS Payment Gateway\" \/>\n<meta property=\"og:description\" content=\"Dr. Pay bietet ein vollst\u00e4ndig PCI DSS Level 1 zertifiziertes Payment Gateway, das Ihre Compliance-Belastung reduziert und erstklassige Sicherheit bietet.\" \/>\n<meta property=\"og:url\" content=\"https:\/\/drpay.com\/de\/sicherheit\/\" \/>\n<meta property=\"og:site_name\" content=\"Payment Gateway\" \/>\n<meta property=\"article:modified_time\" content=\"2025-10-02T17:30:38+00:00\" \/>\n<meta property=\"og:image\" content=\"https:\/\/drpay.com\/wp-content\/uploads\/elementor\/thumbs\/security-side-img-ra7fva5gea84pbhtszrsbgg095z0ilo5bv1fk5fens.jpg\" \/>\n<meta name=\"twitter:card\" content=\"summary_large_image\" \/>\n<meta name=\"twitter:label1\" content=\"Gesch\u00e4tzte Lesezeit\" \/>\n\t<meta name=\"twitter:data1\" content=\"1\u00a0Minute\" \/>\n<script type=\"application\/ld+json\" class=\"yoast-schema-graph\">{\"@context\":\"https:\/\/schema.org\",\"@graph\":[{\"@type\":\"WebPage\",\"@id\":\"https:\/\/drpay.com\/de\/sicherheit\/\",\"url\":\"https:\/\/drpay.com\/de\/sicherheit\/\",\"name\":\"Dr. Pay \u2013 sicheres PCI DSS Payment Gateway\",\"isPartOf\":{\"@id\":\"https:\/\/drpay.com\/de\/#website\"},\"primaryImageOfPage\":{\"@id\":\"https:\/\/drpay.com\/de\/sicherheit\/#primaryimage\"},\"image\":{\"@id\":\"https:\/\/drpay.com\/de\/sicherheit\/#primaryimage\"},\"thumbnailUrl\":\"https:\/\/drpay.com\/wp-content\/uploads\/elementor\/thumbs\/security-side-img-ra7fva5gea84pbhtszrsbgg095z0ilo5bv1fk5fens.jpg\",\"datePublished\":\"2025-07-26T04:57:35+00:00\",\"dateModified\":\"2025-10-02T17:30:38+00:00\",\"description\":\"Dr. Pay bietet ein vollst\u00e4ndig PCI DSS Level 1 zertifiziertes Payment Gateway, das Ihre Compliance-Belastung reduziert und erstklassige Sicherheit bietet.\",\"breadcrumb\":{\"@id\":\"https:\/\/drpay.com\/de\/sicherheit\/#breadcrumb\"},\"inLanguage\":\"de\",\"potentialAction\":[{\"@type\":\"ReadAction\",\"target\":[\"https:\/\/drpay.com\/de\/sicherheit\/\"]}]},{\"@type\":\"ImageObject\",\"inLanguage\":\"de\",\"@id\":\"https:\/\/drpay.com\/de\/sicherheit\/#primaryimage\",\"url\":\"https:\/\/drpay.com\/wp-content\/uploads\/elementor\/thumbs\/security-side-img-ra7fva5gea84pbhtszrsbgg095z0ilo5bv1fk5fens.jpg\",\"contentUrl\":\"https:\/\/drpay.com\/wp-content\/uploads\/elementor\/thumbs\/security-side-img-ra7fva5gea84pbhtszrsbgg095z0ilo5bv1fk5fens.jpg\"},{\"@type\":\"BreadcrumbList\",\"@id\":\"https:\/\/drpay.com\/de\/sicherheit\/#breadcrumb\",\"itemListElement\":[{\"@type\":\"ListItem\",\"position\":1,\"name\":\"Startseite\",\"item\":\"https:\/\/drpay.com\/de\/startseite\/\"},{\"@type\":\"ListItem\",\"position\":2,\"name\":\"Sicherheit\"}]},{\"@type\":\"WebSite\",\"@id\":\"https:\/\/drpay.com\/de\/#website\",\"url\":\"https:\/\/drpay.com\/de\/\",\"name\":\"Payment Gateway\",\"description\":\"\",\"potentialAction\":[{\"@type\":\"SearchAction\",\"target\":{\"@type\":\"EntryPoint\",\"urlTemplate\":\"https:\/\/drpay.com\/de\/?s={search_term_string}\"},\"query-input\":{\"@type\":\"PropertyValueSpecification\",\"valueRequired\":true,\"valueName\":\"search_term_string\"}}],\"inLanguage\":\"de\"}]}<\/script>\n<!-- \/ Yoast SEO plugin. -->","yoast_head_json":{"title":"Dr. Pay \u2013 sicheres PCI DSS Payment Gateway","description":"Dr. Pay bietet ein vollst\u00e4ndig PCI DSS Level 1 zertifiziertes Payment Gateway, das Ihre Compliance-Belastung reduziert und erstklassige Sicherheit bietet.","robots":{"index":"index","follow":"follow","max-snippet":"max-snippet:-1","max-image-preview":"max-image-preview:large","max-video-preview":"max-video-preview:-1"},"canonical":"https:\/\/drpay.com\/de\/sicherheit\/","og_locale":"de_DE","og_type":"article","og_title":"Dr. Pay \u2013 sicheres PCI DSS Payment Gateway","og_description":"Dr. Pay bietet ein vollst\u00e4ndig PCI DSS Level 1 zertifiziertes Payment Gateway, das Ihre Compliance-Belastung reduziert und erstklassige Sicherheit bietet.","og_url":"https:\/\/drpay.com\/de\/sicherheit\/","og_site_name":"Payment Gateway","article_modified_time":"2025-10-02T17:30:38+00:00","og_image":[{"url":"https:\/\/drpay.com\/wp-content\/uploads\/elementor\/thumbs\/security-side-img-ra7fva5gea84pbhtszrsbgg095z0ilo5bv1fk5fens.jpg","type":"","width":"","height":""}],"twitter_card":"summary_large_image","twitter_misc":{"Gesch\u00e4tzte Lesezeit":"1\u00a0Minute"},"schema":{"@context":"https:\/\/schema.org","@graph":[{"@type":"WebPage","@id":"https:\/\/drpay.com\/de\/sicherheit\/","url":"https:\/\/drpay.com\/de\/sicherheit\/","name":"Dr. Pay \u2013 sicheres PCI DSS Payment Gateway","isPartOf":{"@id":"https:\/\/drpay.com\/de\/#website"},"primaryImageOfPage":{"@id":"https:\/\/drpay.com\/de\/sicherheit\/#primaryimage"},"image":{"@id":"https:\/\/drpay.com\/de\/sicherheit\/#primaryimage"},"thumbnailUrl":"https:\/\/drpay.com\/wp-content\/uploads\/elementor\/thumbs\/security-side-img-ra7fva5gea84pbhtszrsbgg095z0ilo5bv1fk5fens.jpg","datePublished":"2025-07-26T04:57:35+00:00","dateModified":"2025-10-02T17:30:38+00:00","description":"Dr. Pay bietet ein vollst\u00e4ndig PCI DSS Level 1 zertifiziertes Payment Gateway, das Ihre Compliance-Belastung reduziert und erstklassige Sicherheit bietet.","breadcrumb":{"@id":"https:\/\/drpay.com\/de\/sicherheit\/#breadcrumb"},"inLanguage":"de","potentialAction":[{"@type":"ReadAction","target":["https:\/\/drpay.com\/de\/sicherheit\/"]}]},{"@type":"ImageObject","inLanguage":"de","@id":"https:\/\/drpay.com\/de\/sicherheit\/#primaryimage","url":"https:\/\/drpay.com\/wp-content\/uploads\/elementor\/thumbs\/security-side-img-ra7fva5gea84pbhtszrsbgg095z0ilo5bv1fk5fens.jpg","contentUrl":"https:\/\/drpay.com\/wp-content\/uploads\/elementor\/thumbs\/security-side-img-ra7fva5gea84pbhtszrsbgg095z0ilo5bv1fk5fens.jpg"},{"@type":"BreadcrumbList","@id":"https:\/\/drpay.com\/de\/sicherheit\/#breadcrumb","itemListElement":[{"@type":"ListItem","position":1,"name":"Startseite","item":"https:\/\/drpay.com\/de\/startseite\/"},{"@type":"ListItem","position":2,"name":"Sicherheit"}]},{"@type":"WebSite","@id":"https:\/\/drpay.com\/de\/#website","url":"https:\/\/drpay.com\/de\/","name":"Payment Gateway","description":"","potentialAction":[{"@type":"SearchAction","target":{"@type":"EntryPoint","urlTemplate":"https:\/\/drpay.com\/de\/?s={search_term_string}"},"query-input":{"@type":"PropertyValueSpecification","valueRequired":true,"valueName":"search_term_string"}}],"inLanguage":"de"}]}},"_links":{"self":[{"href":"https:\/\/drpay.com\/de\/wp-json\/wp\/v2\/pages\/1381","targetHints":{"allow":["GET"]}}],"collection":[{"href":"https:\/\/drpay.com\/de\/wp-json\/wp\/v2\/pages"}],"about":[{"href":"https:\/\/drpay.com\/de\/wp-json\/wp\/v2\/types\/page"}],"author":[{"embeddable":true,"href":"https:\/\/drpay.com\/de\/wp-json\/wp\/v2\/users\/1"}],"replies":[{"embeddable":true,"href":"https:\/\/drpay.com\/de\/wp-json\/wp\/v2\/comments?post=1381"}],"version-history":[{"count":1,"href":"https:\/\/drpay.com\/de\/wp-json\/wp\/v2\/pages\/1381\/revisions"}],"predecessor-version":[{"id":1383,"href":"https:\/\/drpay.com\/de\/wp-json\/wp\/v2\/pages\/1381\/revisions\/1383"}],"wp:attachment":[{"href":"https:\/\/drpay.com\/de\/wp-json\/wp\/v2\/media?parent=1381"}],"curies":[{"name":"wp","href":"https:\/\/api.w.org\/{rel}","templated":true}]}}