{"id":1366,"date":"2025-07-26T04:58:24","date_gmt":"2025-07-26T04:58:24","guid":{"rendered":"https:\/\/drpay.com\/kontaktieren-sie-uns\/"},"modified":"2025-10-09T09:14:53","modified_gmt":"2025-10-09T09:14:53","slug":"kontaktieren-sie-uns","status":"publish","type":"page","link":"https:\/\/drpay.com\/de\/kontaktieren-sie-uns\/","title":{"rendered":"Kontaktieren Sie uns"},"content":{"rendered":"\t\t<div data-elementor-type=\"wp-page\" data-elementor-id=\"1366\" class=\"elementor elementor-1366 elementor-21\" data-elementor-post-type=\"page\">\n\t\t\t\t\t\t<section class=\"elementor-section elementor-top-section elementor-element elementor-element-10b5787 elementor-section-height-min-height elementor-section-items-bottom elementor-section-content-bottom elementor-section-boxed elementor-section-height-default\" data-id=\"10b5787\" data-element_type=\"section\" data-settings=\"{&quot;background_background&quot;:&quot;classic&quot;}\">\n\t\t\t\t\t\t\t<div class=\"elementor-background-overlay\"><\/div>\n\t\t\t\t\t\t\t<div class=\"elementor-container elementor-column-gap-default\">\n\t\t\t\t\t<div class=\"elementor-column elementor-col-100 elementor-top-column elementor-element elementor-element-16e9d6f text-center\" data-id=\"16e9d6f\" data-element_type=\"column\">\n\t\t\t<div class=\"elementor-widget-wrap elementor-element-populated\">\n\t\t\t\t\t\t\t<\/div>\n\t\t<\/div>\n\t\t\t\t\t<\/div>\n\t\t<\/section>\n\t\t\t\t<section class=\"elementor-section elementor-top-section elementor-element elementor-element-cc254bd elementor-section-full_width elementor-section-height-default elementor-section-height-default\" data-id=\"cc254bd\" data-element_type=\"section\">\n\t\t\t\t\t\t<div class=\"elementor-container elementor-column-gap-default\">\n\t\t\t\t\t<div class=\"elementor-column elementor-col-100 elementor-top-column elementor-element elementor-element-52abff2 center-align\" data-id=\"52abff2\" data-element_type=\"column\">\n\t\t\t<div class=\"elementor-widget-wrap elementor-element-populated\">\n\t\t\t\t\t\t<div class=\"elementor-element elementor-element-21907d2 green-grad elementor-widget elementor-widget-heading\" data-id=\"21907d2\" data-element_type=\"widget\" data-widget_type=\"heading.default\">\n\t\t\t\t<div class=\"elementor-widget-container\">\n\t\t\t\t\t<h2 class=\"elementor-heading-title elementor-size-default\"><span>DrPay<\/span> hat B\u00fcros sowohl in Gro\u00dfbritannien als auch in Deutschland.<\/h2>\t\t\t\t<\/div>\n\t\t\t\t<\/div>\n\t\t\t\t\t<\/div>\n\t\t<\/div>\n\t\t\t\t\t<\/div>\n\t\t<\/section>\n\t\t\t\t<section class=\"elementor-section elementor-top-section elementor-element elementor-element-81589dc contact-details elementor-section-boxed elementor-section-height-default elementor-section-height-default\" data-id=\"81589dc\" data-element_type=\"section\">\n\t\t\t\t\t\t<div class=\"elementor-container elementor-column-gap-default\">\n\t\t\t\t\t<div class=\"elementor-column elementor-col-50 elementor-top-column elementor-element elementor-element-40c99f6\" data-id=\"40c99f6\" data-element_type=\"column\">\n\t\t\t<div class=\"elementor-widget-wrap elementor-element-populated\">\n\t\t\t\t\t\t<div class=\"elementor-element elementor-element-fe08dab elementor-widget elementor-widget-image\" data-id=\"fe08dab\" data-element_type=\"widget\" data-widget_type=\"image.default\">\n\t\t\t\t<div class=\"elementor-widget-container\">\n\t\t\t\t\t\t\t\t\t\t\t\t\t\t\t<img decoding=\"async\" src=\"https:\/\/drpay.com\/wp-content\/uploads\/elementor\/thumbs\/uk-flag-ra7fva5asjstismso14mv1ojobtmbgvfkcoka6hnnk.jpg\" title=\"UK-Flagge\" alt=\"UK-Flagge\" loading=\"lazy\" \/>\t\t\t\t\t\t\t\t\t\t\t\t\t\t\t<\/div>\n\t\t\t\t<\/div>\n\t\t\t\t<div class=\"elementor-element elementor-element-519c525 elementor-widget elementor-widget-heading\" data-id=\"519c525\" data-element_type=\"widget\" data-widget_type=\"heading.default\">\n\t\t\t\t<div class=\"elementor-widget-container\">\n\t\t\t\t\t<h2 class=\"elementor-heading-title elementor-size-default\">Details zu Gro\u00dfbritannien<\/h2>\t\t\t\t<\/div>\n\t\t\t\t<\/div>\n\t\t\t\t<div class=\"elementor-element elementor-element-fb63499 green-grad elementor-widget elementor-widget-heading\" data-id=\"fb63499\" data-element_type=\"widget\" data-widget_type=\"heading.default\">\n\t\t\t\t<div class=\"elementor-widget-container\">\n\t\t\t\t\t<h2 class=\"elementor-heading-title elementor-size-default\"><a href=\"tel:+448009709400\"><span>0800 970 9400<\/span><\/a><\/h2>\t\t\t\t<\/div>\n\t\t\t\t<\/div>\n\t\t\t\t<div class=\"elementor-element elementor-element-d984343 green-grad elementor-widget elementor-widget-heading\" data-id=\"d984343\" data-element_type=\"widget\" data-widget_type=\"heading.default\">\n\t\t\t\t<div class=\"elementor-widget-container\">\n\t\t\t\t\t<h2 class=\"elementor-heading-title elementor-size-default\"><a href=\"mailto:Contact@drpay.com\"><span>Contact@drpay.com<\/span><\/a><\/h2>\t\t\t\t<\/div>\n\t\t\t\t<\/div>\n\t\t\t\t<div class=\"elementor-element elementor-element-4a45450 elementor-widget__width-initial elementor-widget elementor-widget-icon-box\" data-id=\"4a45450\" data-element_type=\"widget\" data-widget_type=\"icon-box.default\">\n\t\t\t\t<div class=\"elementor-widget-container\">\n\t\t\t\t\t\t\t<div class=\"elementor-icon-box-wrapper\">\n\n\t\t\t\n\t\t\t\t\t\t<div class=\"elementor-icon-box-content\">\n\n\t\t\t\t\t\t\t\t\t<h3 class=\"elementor-icon-box-title\">\n\t\t\t\t\t\t<span  >\n\t\t\t\t\t\t\tAdresse\t\t\t\t\t\t<\/span>\n\t\t\t\t\t<\/h3>\n\t\t\t\t\n\t\t\t\t\t\t\t\t\t<p class=\"elementor-icon-box-description\">\n\t\t\t\t\t\tWarnford Court, 29 Throgmorton Street, London, EC2N 2AT\t\t\t\t\t<\/p>\n\t\t\t\t\n\t\t\t<\/div>\n\t\t\t\n\t\t<\/div>\n\t\t\t\t\t\t<\/div>\n\t\t\t\t<\/div>\n\t\t\t\t\t<\/div>\n\t\t<\/div>\n\t\t\t\t<div class=\"elementor-column elementor-col-50 elementor-top-column elementor-element elementor-element-39aa460\" data-id=\"39aa460\" data-element_type=\"column\">\n\t\t\t<div class=\"elementor-widget-wrap elementor-element-populated\">\n\t\t\t\t\t\t<div class=\"elementor-element elementor-element-86e58cc elementor-widget elementor-widget-image\" data-id=\"86e58cc\" data-element_type=\"widget\" data-widget_type=\"image.default\">\n\t\t\t\t<div class=\"elementor-widget-container\">\n\t\t\t\t\t\t\t\t\t\t\t\t\t\t\t<img decoding=\"async\" src=\"https:\/\/drpay.com\/wp-content\/uploads\/elementor\/thumbs\/germany-flag-ra7fva5asjstismso14mv1ojobtmbgvfkcoka6hnnk.jpg\" title=\"Deutschland-Flagge\" alt=\"Deutschland-Flagge\" loading=\"lazy\" \/>\t\t\t\t\t\t\t\t\t\t\t\t\t\t\t<\/div>\n\t\t\t\t<\/div>\n\t\t\t\t<div class=\"elementor-element elementor-element-c465b6f elementor-widget elementor-widget-heading\" data-id=\"c465b6f\" data-element_type=\"widget\" data-widget_type=\"heading.default\">\n\t\t\t\t<div class=\"elementor-widget-container\">\n\t\t\t\t\t<h2 class=\"elementor-heading-title elementor-size-default\">Details zu Deutschland<\/h2>\t\t\t\t<\/div>\n\t\t\t\t<\/div>\n\t\t\t\t<div class=\"elementor-element elementor-element-6beb1c5 green-grad elementor-widget elementor-widget-heading\" data-id=\"6beb1c5\" data-element_type=\"widget\" data-widget_type=\"heading.default\">\n\t\t\t\t<div class=\"elementor-widget-container\">\n\t\t\t\t\t<h2 class=\"elementor-heading-title elementor-size-default\"><a href=\"tel:+4922171614802\"><span>+49 221 71614802<\/span><\/a><\/h2>\t\t\t\t<\/div>\n\t\t\t\t<\/div>\n\t\t\t\t<div class=\"elementor-element elementor-element-a62ba41 green-grad elementor-widget elementor-widget-heading\" data-id=\"a62ba41\" data-element_type=\"widget\" data-widget_type=\"heading.default\">\n\t\t\t\t<div class=\"elementor-widget-container\">\n\t\t\t\t\t<h2 class=\"elementor-heading-title elementor-size-default\"><a href=\"mailto:Contact@drpay.com\"><span>Contact@drpay.com<\/span><\/a><\/h2>\t\t\t\t<\/div>\n\t\t\t\t<\/div>\n\t\t\t\t<div class=\"elementor-element elementor-element-ff09966 elementor-widget elementor-widget-icon-box\" data-id=\"ff09966\" data-element_type=\"widget\" data-widget_type=\"icon-box.default\">\n\t\t\t\t<div class=\"elementor-widget-container\">\n\t\t\t\t\t\t\t<div class=\"elementor-icon-box-wrapper\">\n\n\t\t\t\n\t\t\t\t\t\t<div class=\"elementor-icon-box-content\">\n\n\t\t\t\t\t\t\t\t\t<h3 class=\"elementor-icon-box-title\">\n\t\t\t\t\t\t<span  >\n\t\t\t\t\t\t\tAdresse\t\t\t\t\t\t<\/span>\n\t\t\t\t\t<\/h3>\n\t\t\t\t\n\t\t\t\t\t\t\t\t\t<p class=\"elementor-icon-box-description\">\n\t\t\t\t\t\tFritz-hecker-stra\u00dfe 59 | 50968 K\u00f6ln \u2013 Deutschland\t\t\t\t\t<\/p>\n\t\t\t\t\n\t\t\t<\/div>\n\t\t\t\n\t\t<\/div>\n\t\t\t\t\t\t<\/div>\n\t\t\t\t<\/div>\n\t\t\t\t\t<\/div>\n\t\t<\/div>\n\t\t\t\t\t<\/div>\n\t\t<\/section>\n\t\t\t\t<\/div>\n\t\t","protected":false},"excerpt":{"rendered":"<p>DrPay hat B\u00fcros sowohl in Gro\u00dfbritannien als auch in Deutschland. Details zu Gro\u00dfbritannien 0800 970 9400 Contact@drpay.com Adresse Warnford Court, 29 Throgmorton Street, London, EC2N 2AT Details zu Deutschland +49 221 71614802 Contact@drpay.com Adresse Fritz-hecker-stra\u00dfe 59 | 50968 K\u00f6ln \u2013 Deutschland<\/p>\n","protected":false},"author":1,"featured_media":0,"parent":0,"menu_order":0,"comment_status":"closed","ping_status":"closed","template":"elementor_header_footer","meta":{"footnotes":""},"class_list":["post-1366","page","type-page","status-publish","hentry"],"yoast_head":"<!-- This site is optimized with the Yoast SEO plugin v25.7 - https:\/\/yoast.com\/wordpress\/plugins\/seo\/ -->\n<title>Dr pay \u2013 Kontaktieren Sie uns | B\u00fcros in Gro\u00dfbritannien &amp; Deutschland, Anruf oder R\u00fcckruf<\/title>\n<meta name=\"description\" content=\"Kontaktieren Sie Dr Pay in unseren B\u00fcros in Gro\u00dfbritannien oder Deutschland. Fordern Sie einen R\u00fcckruf zwischen 9:00 und 17:30 Uhr Mo\u2013Fr an. Wir helfen Ihnen gerne.\" \/>\n<meta name=\"robots\" content=\"index, follow, max-snippet:-1, max-image-preview:large, max-video-preview:-1\" \/>\n<link rel=\"canonical\" href=\"https:\/\/drpay.com\/de\/kontaktieren-sie-uns\/\" \/>\n<meta property=\"og:locale\" content=\"de_DE\" \/>\n<meta property=\"og:type\" content=\"article\" \/>\n<meta property=\"og:title\" content=\"Dr pay \u2013 Kontaktieren Sie uns | B\u00fcros in Gro\u00dfbritannien &amp; Deutschland, Anruf oder R\u00fcckruf\" \/>\n<meta property=\"og:description\" content=\"Kontaktieren Sie Dr Pay in unseren B\u00fcros in Gro\u00dfbritannien oder Deutschland. Fordern Sie einen R\u00fcckruf zwischen 9:00 und 17:30 Uhr Mo\u2013Fr an. Wir helfen Ihnen gerne.\" \/>\n<meta property=\"og:url\" content=\"https:\/\/drpay.com\/de\/kontaktieren-sie-uns\/\" \/>\n<meta property=\"og:site_name\" content=\"Payment Gateway\" \/>\n<meta property=\"article:modified_time\" content=\"2025-10-09T09:14:53+00:00\" \/>\n<meta property=\"og:image\" content=\"https:\/\/drpay.com\/wp-content\/uploads\/elementor\/thumbs\/uk-flag-ra7fva5asjstismso14mv1ojobtmbgvfkcoka6hnnk.jpg\" \/>\n<meta name=\"twitter:card\" content=\"summary_large_image\" \/>\n<script type=\"application\/ld+json\" class=\"yoast-schema-graph\">{\"@context\":\"https:\/\/schema.org\",\"@graph\":[{\"@type\":\"WebPage\",\"@id\":\"https:\/\/drpay.com\/de\/kontaktieren-sie-uns\/\",\"url\":\"https:\/\/drpay.com\/de\/kontaktieren-sie-uns\/\",\"name\":\"Dr pay \u2013 Kontaktieren Sie uns | B\u00fcros in Gro\u00dfbritannien & Deutschland, Anruf oder R\u00fcckruf\",\"isPartOf\":{\"@id\":\"https:\/\/drpay.com\/de\/#website\"},\"primaryImageOfPage\":{\"@id\":\"https:\/\/drpay.com\/de\/kontaktieren-sie-uns\/#primaryimage\"},\"image\":{\"@id\":\"https:\/\/drpay.com\/de\/kontaktieren-sie-uns\/#primaryimage\"},\"thumbnailUrl\":\"https:\/\/drpay.com\/wp-content\/uploads\/elementor\/thumbs\/uk-flag-ra7fva5asjstismso14mv1ojobtmbgvfkcoka6hnnk.jpg\",\"datePublished\":\"2025-07-26T04:58:24+00:00\",\"dateModified\":\"2025-10-09T09:14:53+00:00\",\"description\":\"Kontaktieren Sie Dr Pay in unseren B\u00fcros in Gro\u00dfbritannien oder Deutschland. Fordern Sie einen R\u00fcckruf zwischen 9:00 und 17:30 Uhr Mo\u2013Fr an. Wir helfen Ihnen gerne.\",\"breadcrumb\":{\"@id\":\"https:\/\/drpay.com\/de\/kontaktieren-sie-uns\/#breadcrumb\"},\"inLanguage\":\"de\",\"potentialAction\":[{\"@type\":\"ReadAction\",\"target\":[\"https:\/\/drpay.com\/de\/kontaktieren-sie-uns\/\"]}]},{\"@type\":\"ImageObject\",\"inLanguage\":\"de\",\"@id\":\"https:\/\/drpay.com\/de\/kontaktieren-sie-uns\/#primaryimage\",\"url\":\"https:\/\/drpay.com\/wp-content\/uploads\/elementor\/thumbs\/uk-flag-ra7fva5asjstismso14mv1ojobtmbgvfkcoka6hnnk.jpg\",\"contentUrl\":\"https:\/\/drpay.com\/wp-content\/uploads\/elementor\/thumbs\/uk-flag-ra7fva5asjstismso14mv1ojobtmbgvfkcoka6hnnk.jpg\"},{\"@type\":\"BreadcrumbList\",\"@id\":\"https:\/\/drpay.com\/de\/kontaktieren-sie-uns\/#breadcrumb\",\"itemListElement\":[{\"@type\":\"ListItem\",\"position\":1,\"name\":\"Startseite\",\"item\":\"https:\/\/drpay.com\/de\/startseite\/\"},{\"@type\":\"ListItem\",\"position\":2,\"name\":\"Kontaktieren Sie uns\"}]},{\"@type\":\"WebSite\",\"@id\":\"https:\/\/drpay.com\/de\/#website\",\"url\":\"https:\/\/drpay.com\/de\/\",\"name\":\"Payment Gateway\",\"description\":\"\",\"potentialAction\":[{\"@type\":\"SearchAction\",\"target\":{\"@type\":\"EntryPoint\",\"urlTemplate\":\"https:\/\/drpay.com\/de\/?s={search_term_string}\"},\"query-input\":{\"@type\":\"PropertyValueSpecification\",\"valueRequired\":true,\"valueName\":\"search_term_string\"}}],\"inLanguage\":\"de\"}]}<\/script>\n<!-- \/ Yoast SEO plugin. -->","yoast_head_json":{"title":"Dr pay \u2013 Kontaktieren Sie uns | B\u00fcros in Gro\u00dfbritannien & Deutschland, Anruf oder R\u00fcckruf","description":"Kontaktieren Sie Dr Pay in unseren B\u00fcros in Gro\u00dfbritannien oder Deutschland. Fordern Sie einen R\u00fcckruf zwischen 9:00 und 17:30 Uhr Mo\u2013Fr an. Wir helfen Ihnen gerne.","robots":{"index":"index","follow":"follow","max-snippet":"max-snippet:-1","max-image-preview":"max-image-preview:large","max-video-preview":"max-video-preview:-1"},"canonical":"https:\/\/drpay.com\/de\/kontaktieren-sie-uns\/","og_locale":"de_DE","og_type":"article","og_title":"Dr pay \u2013 Kontaktieren Sie uns | B\u00fcros in Gro\u00dfbritannien & Deutschland, Anruf oder R\u00fcckruf","og_description":"Kontaktieren Sie Dr Pay in unseren B\u00fcros in Gro\u00dfbritannien oder Deutschland. Fordern Sie einen R\u00fcckruf zwischen 9:00 und 17:30 Uhr Mo\u2013Fr an. Wir helfen Ihnen gerne.","og_url":"https:\/\/drpay.com\/de\/kontaktieren-sie-uns\/","og_site_name":"Payment Gateway","article_modified_time":"2025-10-09T09:14:53+00:00","og_image":[{"url":"https:\/\/drpay.com\/wp-content\/uploads\/elementor\/thumbs\/uk-flag-ra7fva5asjstismso14mv1ojobtmbgvfkcoka6hnnk.jpg","type":"","width":"","height":""}],"twitter_card":"summary_large_image","schema":{"@context":"https:\/\/schema.org","@graph":[{"@type":"WebPage","@id":"https:\/\/drpay.com\/de\/kontaktieren-sie-uns\/","url":"https:\/\/drpay.com\/de\/kontaktieren-sie-uns\/","name":"Dr pay \u2013 Kontaktieren Sie uns | B\u00fcros in Gro\u00dfbritannien & Deutschland, Anruf oder R\u00fcckruf","isPartOf":{"@id":"https:\/\/drpay.com\/de\/#website"},"primaryImageOfPage":{"@id":"https:\/\/drpay.com\/de\/kontaktieren-sie-uns\/#primaryimage"},"image":{"@id":"https:\/\/drpay.com\/de\/kontaktieren-sie-uns\/#primaryimage"},"thumbnailUrl":"https:\/\/drpay.com\/wp-content\/uploads\/elementor\/thumbs\/uk-flag-ra7fva5asjstismso14mv1ojobtmbgvfkcoka6hnnk.jpg","datePublished":"2025-07-26T04:58:24+00:00","dateModified":"2025-10-09T09:14:53+00:00","description":"Kontaktieren Sie Dr Pay in unseren B\u00fcros in Gro\u00dfbritannien oder Deutschland. Fordern Sie einen R\u00fcckruf zwischen 9:00 und 17:30 Uhr Mo\u2013Fr an. Wir helfen Ihnen gerne.","breadcrumb":{"@id":"https:\/\/drpay.com\/de\/kontaktieren-sie-uns\/#breadcrumb"},"inLanguage":"de","potentialAction":[{"@type":"ReadAction","target":["https:\/\/drpay.com\/de\/kontaktieren-sie-uns\/"]}]},{"@type":"ImageObject","inLanguage":"de","@id":"https:\/\/drpay.com\/de\/kontaktieren-sie-uns\/#primaryimage","url":"https:\/\/drpay.com\/wp-content\/uploads\/elementor\/thumbs\/uk-flag-ra7fva5asjstismso14mv1ojobtmbgvfkcoka6hnnk.jpg","contentUrl":"https:\/\/drpay.com\/wp-content\/uploads\/elementor\/thumbs\/uk-flag-ra7fva5asjstismso14mv1ojobtmbgvfkcoka6hnnk.jpg"},{"@type":"BreadcrumbList","@id":"https:\/\/drpay.com\/de\/kontaktieren-sie-uns\/#breadcrumb","itemListElement":[{"@type":"ListItem","position":1,"name":"Startseite","item":"https:\/\/drpay.com\/de\/startseite\/"},{"@type":"ListItem","position":2,"name":"Kontaktieren Sie uns"}]},{"@type":"WebSite","@id":"https:\/\/drpay.com\/de\/#website","url":"https:\/\/drpay.com\/de\/","name":"Payment Gateway","description":"","potentialAction":[{"@type":"SearchAction","target":{"@type":"EntryPoint","urlTemplate":"https:\/\/drpay.com\/de\/?s={search_term_string}"},"query-input":{"@type":"PropertyValueSpecification","valueRequired":true,"valueName":"search_term_string"}}],"inLanguage":"de"}]}},"_links":{"self":[{"href":"https:\/\/drpay.com\/de\/wp-json\/wp\/v2\/pages\/1366","targetHints":{"allow":["GET"]}}],"collection":[{"href":"https:\/\/drpay.com\/de\/wp-json\/wp\/v2\/pages"}],"about":[{"href":"https:\/\/drpay.com\/de\/wp-json\/wp\/v2\/types\/page"}],"author":[{"embeddable":true,"href":"https:\/\/drpay.com\/de\/wp-json\/wp\/v2\/users\/1"}],"replies":[{"embeddable":true,"href":"https:\/\/drpay.com\/de\/wp-json\/wp\/v2\/comments?post=1366"}],"version-history":[{"count":3,"href":"https:\/\/drpay.com\/de\/wp-json\/wp\/v2\/pages\/1366\/revisions"}],"predecessor-version":[{"id":1480,"href":"https:\/\/drpay.com\/de\/wp-json\/wp\/v2\/pages\/1366\/revisions\/1480"}],"wp:attachment":[{"href":"https:\/\/drpay.com\/de\/wp-json\/wp\/v2\/media?parent=1366"}],"curies":[{"name":"wp","href":"https:\/\/api.w.org\/{rel}","templated":true}]}}