{"id":1361,"date":"2025-07-26T04:58:53","date_gmt":"2025-07-26T04:58:53","guid":{"rendered":"https:\/\/drpay.com\/hier-bewerben\/"},"modified":"2025-10-02T17:30:16","modified_gmt":"2025-10-02T17:30:16","slug":"hier-bewerben","status":"publish","type":"page","link":"https:\/\/drpay.com\/de\/hier-bewerben\/","title":{"rendered":"Hier bewerben"},"content":{"rendered":"\t\t<div data-elementor-type=\"wp-page\" data-elementor-id=\"1361\" class=\"elementor elementor-1361 elementor-23\" data-elementor-post-type=\"page\">\n\t\t\t\t\t\t<section class=\"elementor-section elementor-top-section elementor-element elementor-element-192db45 elementor-section-height-min-height elementor-section-items-bottom elementor-section-content-bottom elementor-section-boxed elementor-section-height-default\" data-id=\"192db45\" data-element_type=\"section\" data-settings=\"{&quot;background_background&quot;:&quot;classic&quot;}\">\n\t\t\t\t\t\t\t<div class=\"elementor-background-overlay\"><\/div>\n\t\t\t\t\t\t\t<div class=\"elementor-container elementor-column-gap-default\">\n\t\t\t\t\t<div class=\"elementor-column elementor-col-100 elementor-top-column elementor-element elementor-element-7179b4d text-center\" data-id=\"7179b4d\" data-element_type=\"column\">\n\t\t\t<div class=\"elementor-widget-wrap elementor-element-populated\">\n\t\t\t\t\t\t\t<\/div>\n\t\t<\/div>\n\t\t\t\t\t<\/div>\n\t\t<\/section>\n\t\t\t\t<section class=\"elementor-section elementor-top-section elementor-element elementor-element-d047aef elementor-section-boxed elementor-section-height-default elementor-section-height-default\" data-id=\"d047aef\" data-element_type=\"section\">\n\t\t\t\t\t\t<div class=\"elementor-container elementor-column-gap-default\">\n\t\t\t\t\t<div class=\"elementor-column elementor-col-100 elementor-top-column elementor-element elementor-element-a737375\" data-id=\"a737375\" data-element_type=\"column\">\n\t\t\t<div class=\"elementor-widget-wrap elementor-element-populated\">\n\t\t\t\t\t\t<div class=\"elementor-element elementor-element-a7337c2 green-grad elementor-widget elementor-widget-heading\" data-id=\"a7337c2\" data-element_type=\"widget\" data-widget_type=\"heading.default\">\n\t\t\t\t<div class=\"elementor-widget-container\">\n\t\t\t\t\t<h2 class=\"elementor-heading-title elementor-size-default\"><span>Treten Sie der DrPay-Community bei<\/span><\/h2>\t\t\t\t<\/div>\n\t\t\t\t<\/div>\n\t\t\t\t<div class=\"elementor-element elementor-element-cc767e0 elementor-widget elementor-widget-heading\" data-id=\"cc767e0\" data-element_type=\"widget\" data-widget_type=\"heading.default\">\n\t\t\t\t<div class=\"elementor-widget-container\">\n\t\t\t\t\t<h6 class=\"elementor-heading-title elementor-size-default\">Erleben Sie die Vorteile sicherer und zuverl\u00e4ssiger Transaktionen mit DrPay. Melden Sie sich noch heute an und profitieren Sie von unseren innovativen Zahlungsl\u00f6sungen.<\/h6>\t\t\t\t<\/div>\n\t\t\t\t<\/div>\n\t\t\t\t\t<\/div>\n\t\t<\/div>\n\t\t\t\t\t<\/div>\n\t\t<\/section>\n\t\t\t\t<section class=\"elementor-section elementor-top-section elementor-element elementor-element-c35171c comunity-box elementor-section-boxed elementor-section-height-default elementor-section-height-default\" data-id=\"c35171c\" data-element_type=\"section\">\n\t\t\t\t\t\t<div class=\"elementor-container elementor-column-gap-default\">\n\t\t\t\t\t<div class=\"elementor-column elementor-col-33 elementor-top-column elementor-element elementor-element-6f7e3cd\" data-id=\"6f7e3cd\" data-element_type=\"column\">\n\t\t\t<div class=\"elementor-widget-wrap elementor-element-populated\">\n\t\t\t\t\t\t<div class=\"elementor-element elementor-element-902075f elementor-widget elementor-widget-text-editor\" data-id=\"902075f\" data-element_type=\"widget\" data-widget_type=\"text-editor.default\">\n\t\t\t\t<div class=\"elementor-widget-container\">\n\t\t\t\t\t\t\t\t\t<div class=\"icon registration\"> <\/div>\t\t\t\t\t\t\t\t<\/div>\n\t\t\t\t<\/div>\n\t\t\t\t<div class=\"elementor-element elementor-element-956527c elementor-widget elementor-widget-icon-box\" data-id=\"956527c\" data-element_type=\"widget\" data-widget_type=\"icon-box.default\">\n\t\t\t\t<div class=\"elementor-widget-container\">\n\t\t\t\t\t\t\t<div class=\"elementor-icon-box-wrapper\">\n\n\t\t\t\n\t\t\t\t\t\t<div class=\"elementor-icon-box-content\">\n\n\t\t\t\t\t\t\t\t\t<h3 class=\"elementor-icon-box-title\">\n\t\t\t\t\t\t<span  >\n\t\t\t\t\t\t\tEinfacher Registrierungsprozess\t\t\t\t\t\t<\/span>\n\t\t\t\t\t<\/h3>\n\t\t\t\t\n\t\t\t\t\t\t\t\t\t<p class=\"elementor-icon-box-description\">\n\t\t\t\t\t\tRegistrieren Sie sich in wenigen einfachen Schritten und nutzen Sie DrPay sofort.\t\t\t\t\t<\/p>\n\t\t\t\t\n\t\t\t<\/div>\n\t\t\t\n\t\t<\/div>\n\t\t\t\t\t\t<\/div>\n\t\t\t\t<\/div>\n\t\t\t\t\t<\/div>\n\t\t<\/div>\n\t\t\t\t<div class=\"elementor-column elementor-col-33 elementor-top-column elementor-element elementor-element-6489bc9\" data-id=\"6489bc9\" data-element_type=\"column\">\n\t\t\t<div class=\"elementor-widget-wrap elementor-element-populated\">\n\t\t\t\t\t\t<div class=\"elementor-element elementor-element-5844b62 elementor-widget elementor-widget-text-editor\" data-id=\"5844b62\" data-element_type=\"widget\" data-widget_type=\"text-editor.default\">\n\t\t\t\t<div class=\"elementor-widget-container\">\n\t\t\t\t\t\t\t\t\t<div class=\"icon solutions\"><\/div>\t\t\t\t\t\t\t\t<\/div>\n\t\t\t\t<\/div>\n\t\t\t\t<div class=\"elementor-element elementor-element-b918f0b elementor-widget elementor-widget-icon-box\" data-id=\"b918f0b\" data-element_type=\"widget\" data-widget_type=\"icon-box.default\">\n\t\t\t\t<div class=\"elementor-widget-container\">\n\t\t\t\t\t\t\t<div class=\"elementor-icon-box-wrapper\">\n\n\t\t\t\n\t\t\t\t\t\t<div class=\"elementor-icon-box-content\">\n\n\t\t\t\t\t\t\t\t\t<h3 class=\"elementor-icon-box-title\">\n\t\t\t\t\t\t<span  >\n\t\t\t\t\t\t\tBenutzerdefinierte L\u00f6sungen\t\t\t\t\t\t<\/span>\n\t\t\t\t\t<\/h3>\n\t\t\t\t\n\t\t\t\t\t\t\t\t\t<p class=\"elementor-icon-box-description\">\n\t\t\t\t\t\tW\u00e4hlen Sie die Zahlungsoptionen, die Ihren Bed\u00fcrfnissen am besten entsprechen.\t\t\t\t\t<\/p>\n\t\t\t\t\n\t\t\t<\/div>\n\t\t\t\n\t\t<\/div>\n\t\t\t\t\t\t<\/div>\n\t\t\t\t<\/div>\n\t\t\t\t\t<\/div>\n\t\t<\/div>\n\t\t\t\t<div class=\"elementor-column elementor-col-33 elementor-top-column elementor-element elementor-element-7b1ee44\" data-id=\"7b1ee44\" data-element_type=\"column\">\n\t\t\t<div class=\"elementor-widget-wrap elementor-element-populated\">\n\t\t\t\t\t\t<div class=\"elementor-element elementor-element-0f9de2a elementor-widget elementor-widget-text-editor\" data-id=\"0f9de2a\" data-element_type=\"widget\" data-widget_type=\"text-editor.default\">\n\t\t\t\t<div class=\"elementor-widget-container\">\n\t\t\t\t\t\t\t\t\t<div class=\"icon support\"><\/div>\t\t\t\t\t\t\t\t<\/div>\n\t\t\t\t<\/div>\n\t\t\t\t<div class=\"elementor-element elementor-element-205d2e1 elementor-widget elementor-widget-icon-box\" data-id=\"205d2e1\" data-element_type=\"widget\" data-widget_type=\"icon-box.default\">\n\t\t\t\t<div class=\"elementor-widget-container\">\n\t\t\t\t\t\t\t<div class=\"elementor-icon-box-wrapper\">\n\n\t\t\t\n\t\t\t\t\t\t<div class=\"elementor-icon-box-content\">\n\n\t\t\t\t\t\t\t\t\t<h3 class=\"elementor-icon-box-title\">\n\t\t\t\t\t\t<span  >\n\t\t\t\t\t\t\tUmfassende Unterst\u00fctzung\t\t\t\t\t\t<\/span>\n\t\t\t\t\t<\/h3>\n\t\t\t\t\n\t\t\t\t\t\t\t\t\t<p class=\"elementor-icon-box-description\">\n\t\t\t\t\t\tUnser Support-Team steht Ihnen jederzeit zur Verf\u00fcgung, um Ihre Fragen zu beantworten und Sie bei der Einrichtung zu unterst\u00fctzen.\t\t\t\t\t<\/p>\n\t\t\t\t\n\t\t\t<\/div>\n\t\t\t\n\t\t<\/div>\n\t\t\t\t\t\t<\/div>\n\t\t\t\t<\/div>\n\t\t\t\t\t<\/div>\n\t\t<\/div>\n\t\t\t\t\t<\/div>\n\t\t<\/section>\n\t\t\t\t<\/div>\n\t\t","protected":false},"excerpt":{"rendered":"<p>Treten Sie der DrPay-Community bei Erleben Sie die Vorteile sicherer und zuverl\u00e4ssiger Transaktionen mit DrPay. Melden Sie sich noch heute an und profitieren Sie von unseren innovativen Zahlungsl\u00f6sungen. Einfacher Registrierungsprozess Registrieren Sie sich in wenigen einfachen Schritten und nutzen Sie DrPay sofort. Benutzerdefinierte L\u00f6sungen W\u00e4hlen Sie die Zahlungsoptionen, die Ihren Bed\u00fcrfnissen am besten entsprechen. Umfassende [&hellip;]<\/p>\n","protected":false},"author":1,"featured_media":0,"parent":0,"menu_order":0,"comment_status":"closed","ping_status":"closed","template":"elementor_header_footer","meta":{"footnotes":""},"class_list":["post-1361","page","type-page","status-publish","hentry"],"yoast_head":"<!-- This site is optimized with the Yoast SEO plugin v25.7 - https:\/\/yoast.com\/wordpress\/plugins\/seo\/ -->\n<title>Hier bewerben - Payment Gateway<\/title>\n<meta name=\"robots\" content=\"index, follow, max-snippet:-1, max-image-preview:large, max-video-preview:-1\" \/>\n<link rel=\"canonical\" href=\"https:\/\/drpay.com\/de\/hier-bewerben\/\" \/>\n<meta property=\"og:locale\" content=\"de_DE\" \/>\n<meta property=\"og:type\" content=\"article\" \/>\n<meta property=\"og:title\" content=\"Hier bewerben - Payment Gateway\" \/>\n<meta property=\"og:description\" content=\"Treten Sie der DrPay-Community bei Erleben Sie die Vorteile sicherer und zuverl\u00e4ssiger Transaktionen mit DrPay. Melden Sie sich noch heute an und profitieren Sie von unseren innovativen Zahlungsl\u00f6sungen. Einfacher Registrierungsprozess Registrieren Sie sich in wenigen einfachen Schritten und nutzen Sie DrPay sofort. Benutzerdefinierte L\u00f6sungen W\u00e4hlen Sie die Zahlungsoptionen, die Ihren Bed\u00fcrfnissen am besten entsprechen. Umfassende [&hellip;]\" \/>\n<meta property=\"og:url\" content=\"https:\/\/drpay.com\/de\/hier-bewerben\/\" \/>\n<meta property=\"og:site_name\" content=\"Payment Gateway\" \/>\n<meta property=\"article:modified_time\" content=\"2025-10-02T17:30:16+00:00\" \/>\n<meta name=\"twitter:card\" content=\"summary_large_image\" \/>\n<script type=\"application\/ld+json\" class=\"yoast-schema-graph\">{\"@context\":\"https:\/\/schema.org\",\"@graph\":[{\"@type\":\"WebPage\",\"@id\":\"https:\/\/drpay.com\/de\/hier-bewerben\/\",\"url\":\"https:\/\/drpay.com\/de\/hier-bewerben\/\",\"name\":\"Hier bewerben - Payment Gateway\",\"isPartOf\":{\"@id\":\"https:\/\/drpay.com\/de\/#website\"},\"datePublished\":\"2025-07-26T04:58:53+00:00\",\"dateModified\":\"2025-10-02T17:30:16+00:00\",\"breadcrumb\":{\"@id\":\"https:\/\/drpay.com\/de\/hier-bewerben\/#breadcrumb\"},\"inLanguage\":\"de\",\"potentialAction\":[{\"@type\":\"ReadAction\",\"target\":[\"https:\/\/drpay.com\/de\/hier-bewerben\/\"]}]},{\"@type\":\"BreadcrumbList\",\"@id\":\"https:\/\/drpay.com\/de\/hier-bewerben\/#breadcrumb\",\"itemListElement\":[{\"@type\":\"ListItem\",\"position\":1,\"name\":\"Startseite\",\"item\":\"https:\/\/drpay.com\/de\/startseite\/\"},{\"@type\":\"ListItem\",\"position\":2,\"name\":\"Hier bewerben\"}]},{\"@type\":\"WebSite\",\"@id\":\"https:\/\/drpay.com\/de\/#website\",\"url\":\"https:\/\/drpay.com\/de\/\",\"name\":\"Payment Gateway\",\"description\":\"\",\"potentialAction\":[{\"@type\":\"SearchAction\",\"target\":{\"@type\":\"EntryPoint\",\"urlTemplate\":\"https:\/\/drpay.com\/de\/?s={search_term_string}\"},\"query-input\":{\"@type\":\"PropertyValueSpecification\",\"valueRequired\":true,\"valueName\":\"search_term_string\"}}],\"inLanguage\":\"de\"}]}<\/script>\n<!-- \/ Yoast SEO plugin. -->","yoast_head_json":{"title":"Hier bewerben - Payment Gateway","robots":{"index":"index","follow":"follow","max-snippet":"max-snippet:-1","max-image-preview":"max-image-preview:large","max-video-preview":"max-video-preview:-1"},"canonical":"https:\/\/drpay.com\/de\/hier-bewerben\/","og_locale":"de_DE","og_type":"article","og_title":"Hier bewerben - Payment Gateway","og_description":"Treten Sie der DrPay-Community bei Erleben Sie die Vorteile sicherer und zuverl\u00e4ssiger Transaktionen mit DrPay. Melden Sie sich noch heute an und profitieren Sie von unseren innovativen Zahlungsl\u00f6sungen. Einfacher Registrierungsprozess Registrieren Sie sich in wenigen einfachen Schritten und nutzen Sie DrPay sofort. Benutzerdefinierte L\u00f6sungen W\u00e4hlen Sie die Zahlungsoptionen, die Ihren Bed\u00fcrfnissen am besten entsprechen. Umfassende [&hellip;]","og_url":"https:\/\/drpay.com\/de\/hier-bewerben\/","og_site_name":"Payment Gateway","article_modified_time":"2025-10-02T17:30:16+00:00","twitter_card":"summary_large_image","schema":{"@context":"https:\/\/schema.org","@graph":[{"@type":"WebPage","@id":"https:\/\/drpay.com\/de\/hier-bewerben\/","url":"https:\/\/drpay.com\/de\/hier-bewerben\/","name":"Hier bewerben - Payment Gateway","isPartOf":{"@id":"https:\/\/drpay.com\/de\/#website"},"datePublished":"2025-07-26T04:58:53+00:00","dateModified":"2025-10-02T17:30:16+00:00","breadcrumb":{"@id":"https:\/\/drpay.com\/de\/hier-bewerben\/#breadcrumb"},"inLanguage":"de","potentialAction":[{"@type":"ReadAction","target":["https:\/\/drpay.com\/de\/hier-bewerben\/"]}]},{"@type":"BreadcrumbList","@id":"https:\/\/drpay.com\/de\/hier-bewerben\/#breadcrumb","itemListElement":[{"@type":"ListItem","position":1,"name":"Startseite","item":"https:\/\/drpay.com\/de\/startseite\/"},{"@type":"ListItem","position":2,"name":"Hier bewerben"}]},{"@type":"WebSite","@id":"https:\/\/drpay.com\/de\/#website","url":"https:\/\/drpay.com\/de\/","name":"Payment Gateway","description":"","potentialAction":[{"@type":"SearchAction","target":{"@type":"EntryPoint","urlTemplate":"https:\/\/drpay.com\/de\/?s={search_term_string}"},"query-input":{"@type":"PropertyValueSpecification","valueRequired":true,"valueName":"search_term_string"}}],"inLanguage":"de"}]}},"_links":{"self":[{"href":"https:\/\/drpay.com\/de\/wp-json\/wp\/v2\/pages\/1361","targetHints":{"allow":["GET"]}}],"collection":[{"href":"https:\/\/drpay.com\/de\/wp-json\/wp\/v2\/pages"}],"about":[{"href":"https:\/\/drpay.com\/de\/wp-json\/wp\/v2\/types\/page"}],"author":[{"embeddable":true,"href":"https:\/\/drpay.com\/de\/wp-json\/wp\/v2\/users\/1"}],"replies":[{"embeddable":true,"href":"https:\/\/drpay.com\/de\/wp-json\/wp\/v2\/comments?post=1361"}],"version-history":[{"count":1,"href":"https:\/\/drpay.com\/de\/wp-json\/wp\/v2\/pages\/1361\/revisions"}],"predecessor-version":[{"id":1365,"href":"https:\/\/drpay.com\/de\/wp-json\/wp\/v2\/pages\/1361\/revisions\/1365"}],"wp:attachment":[{"href":"https:\/\/drpay.com\/de\/wp-json\/wp\/v2\/media?parent=1361"}],"curies":[{"name":"wp","href":"https:\/\/api.w.org\/{rel}","templated":true}]}}